{"id":144,"date":"2015-07-23T09:50:25","date_gmt":"2015-07-23T09:50:25","guid":{"rendered":"http:\/\/localhost\/nortchemical\/?page_id=144"},"modified":"2022-11-28T12:21:40","modified_gmt":"2022-11-28T12:21:40","slug":"iletisim","status":"publish","type":"page","link":"https:\/\/www.richemplus.com\/ana\/iletisim\/","title":{"rendered":"\u0130leti\u015fim"},"content":{"rendered":"<p>\u0130rtibat Adresi: Yakuplu Mah. Hurriyet Bulvari Skyport Residence No:1\/113 Beylikduzu \/ ISTANBUL \/ TURKEY<\/p>\n<p>Tel : +90 212 551 72 13<\/p>\n<p>Faks:+90 212 909 40 37<\/p>\n<p>Email: info(at)richemplus.com<\/p>\n","protected":false},"excerpt":{"rendered":"<p>\u0130rtibat Adresi: Yakuplu Mah. Hurriyet Bulvari Skyport Residence No:1\/113 Beylikduzu \/ ISTANBUL \/ TURKEY Tel : +90 212 551 72 13 Faks:+90 212 909 40 37 Email: info(at)richemplus.com<\/p>\n","protected":false},"author":1,"featured_media":0,"parent":0,"menu_order":0,"comment_status":"open","ping_status":"open","template":"contact.php","meta":{"_acf_changed":false,"nf_dc_page":"","footnotes":""},"class_list":["post-144","page","type-page","status-publish","hentry"],"acf":[],"_links":{"self":[{"href":"https:\/\/www.richemplus.com\/ana\/wp-json\/wp\/v2\/pages\/144","targetHints":{"allow":["GET"]}}],"collection":[{"href":"https:\/\/www.richemplus.com\/ana\/wp-json\/wp\/v2\/pages"}],"about":[{"href":"https:\/\/www.richemplus.com\/ana\/wp-json\/wp\/v2\/types\/page"}],"author":[{"embeddable":true,"href":"https:\/\/www.richemplus.com\/ana\/wp-json\/wp\/v2\/users\/1"}],"replies":[{"embeddable":true,"href":"https:\/\/www.richemplus.com\/ana\/wp-json\/wp\/v2\/comments?post=144"}],"version-history":[{"count":4,"href":"https:\/\/www.richemplus.com\/ana\/wp-json\/wp\/v2\/pages\/144\/revisions"}],"predecessor-version":[{"id":1087,"href":"https:\/\/www.richemplus.com\/ana\/wp-json\/wp\/v2\/pages\/144\/revisions\/1087"}],"wp:attachment":[{"href":"https:\/\/www.richemplus.com\/ana\/wp-json\/wp\/v2\/media?parent=144"}],"curies":[{"name":"wp","href":"https:\/\/api.w.org\/{rel}","templated":true}]}}