{"id":982,"date":"2015-09-12T08:53:22","date_gmt":"2015-09-12T08:53:22","guid":{"rendered":"http:\/\/www.richemplus.com\/ana\/?page_id=982"},"modified":"2015-10-13T11:52:25","modified_gmt":"2015-10-13T11:52:25","slug":"boyar-maddeler","status":"publish","type":"page","link":"http:\/\/www.richemplus.com\/ana\/boyar-maddeler\/","title":{"rendered":"Boyar Maddeler"},"content":{"rendered":"<h2>Boyar Maddeler<\/h2>\n<p>Richemplus olarak bir\u00e7ok sekt\u00f6re boyar madde hizmeti sunmaktay\u0131z. Ba\u015fl\u0131ca olarak end\u00fcstri boyalar\u0131; g\u0131da boyalar\u0131, tekstil boyalar\u0131, ya\u011f boyalar\u0131, yak\u0131t boyalar\u0131, antifriz boyalar\u0131, yap\u0131\u015ft\u0131r\u0131c\u0131 boyalar\u0131, plastik boyalar\u0131, polimer boyalar\u0131, re\u00e7ine boyalar\u0131, polyester boyalar\u0131, ah\u015fap boyalar\u0131, cila boyalar\u0131,..v.b.<\/p>\n<p>Kimyasal \u00f6zelliklerine g\u00f6re boyar maddeler;<\/p>\n<p><a href=\"http:\/\/www.richemplus.com\/ana\/?page_id=844\">Acid\u00a0Dyes<\/a><\/p>\n<p><a href=\"http:\/\/www.richemplus.com\/ana\/?page_id=867\">Basic Dyes<\/a><\/p>\n<p><a href=\"http:\/\/www.richemplus.com\/ana\/?page_id=869\">Direct Dyes<\/a><\/p>\n<p><a href=\"http:\/\/www.richemplus.com\/ana\/?page_id=782\">Disperse Dyes<\/a><\/p>\n<p><a href=\"http:\/\/www.richemplus.com\/ana\/?page_id=870\">Pigments<\/a><\/p>\n<p><a href=\"http:\/\/www.richemplus.com\/ana\/?page_id=871\">Solvent Dyes<\/a><\/p>\n<p><a href=\"http:\/\/www.richemplus.com\/ana\/?page_id=872\">Vat Dyes<\/a><\/p>\n<p>Listemizdeki \u00fcr\u00fcnler haricindeki istekleriniz i\u00e7in l\u00fctfen <a href=\"http:\/\/www.richemplus.com\/ana\/?page_id=144\">ileti\u015fime<\/a> ge\u00e7iniz.<\/p>\n","protected":false},"excerpt":{"rendered":"<p>Boyar Maddeler Richemplus olarak bir\u00e7ok sekt\u00f6re boyar madde hizmeti sunmaktay\u0131z. Ba\u015fl\u0131ca olarak end\u00fcstri boyalar\u0131; g\u0131da boyalar\u0131, tekstil boyalar\u0131, ya\u011f boyalar\u0131, yak\u0131t boyalar\u0131, antifriz boyalar\u0131, yap\u0131\u015ft\u0131r\u0131c\u0131 boyalar\u0131, plastik boyalar\u0131, polimer boyalar\u0131, re\u00e7ine boyalar\u0131, polyester boyalar\u0131, ah\u015fap boyalar\u0131, cila boyalar\u0131,..v.b. Kimyasal \u00f6zelliklerine g\u00f6re boyar maddeler; Acid\u00a0Dyes Basic Dyes Direct Dyes Disperse Dyes Pigments Solvent Dyes Vat Dyes Listemizdeki \u00fcr\u00fcnler haricindeki istekleriniz i\u00e7in l\u00fctfen ileti\u015fime ge\u00e7iniz.<\/p>\n","protected":false},"author":1,"featured_media":0,"parent":0,"menu_order":1,"comment_status":"closed","ping_status":"closed","template":"page_r.php","meta":{"_acf_changed":false,"nf_dc_page":"","footnotes":""},"class_list":["post-982","page","type-page","status-publish","hentry"],"acf":[],"_links":{"self":[{"href":"http:\/\/www.richemplus.com\/ana\/wp-json\/wp\/v2\/pages\/982","targetHints":{"allow":["GET"]}}],"collection":[{"href":"http:\/\/www.richemplus.com\/ana\/wp-json\/wp\/v2\/pages"}],"about":[{"href":"http:\/\/www.richemplus.com\/ana\/wp-json\/wp\/v2\/types\/page"}],"author":[{"embeddable":true,"href":"http:\/\/www.richemplus.com\/ana\/wp-json\/wp\/v2\/users\/1"}],"replies":[{"embeddable":true,"href":"http:\/\/www.richemplus.com\/ana\/wp-json\/wp\/v2\/comments?post=982"}],"version-history":[{"count":8,"href":"http:\/\/www.richemplus.com\/ana\/wp-json\/wp\/v2\/pages\/982\/revisions"}],"predecessor-version":[{"id":1009,"href":"http:\/\/www.richemplus.com\/ana\/wp-json\/wp\/v2\/pages\/982\/revisions\/1009"}],"wp:attachment":[{"href":"http:\/\/www.richemplus.com\/ana\/wp-json\/wp\/v2\/media?parent=982"}],"curies":[{"name":"wp","href":"https:\/\/api.w.org\/{rel}","templated":true}]}}