{"id":706,"date":"2014-10-04T11:38:50","date_gmt":"2014-10-04T11:38:50","guid":{"rendered":"http:\/\/localhost\/nortchemical\/?page_id=706"},"modified":"2015-09-13T13:49:47","modified_gmt":"2015-09-13T13:49:47","slug":"plastik-sanayi-kimyasallari-2","status":"publish","type":"page","link":"http:\/\/www.richemplus.com\/ana\/plastik-sanayi-kimyasallari-2\/","title":{"rendered":"Havuz Suyu Kimyasallar\u0131"},"content":{"rendered":"<h3><span style=\"text-decoration: underline;\">Ba\u015fl\u0131ca havuz suyu kimyasallar\u0131m\u0131z ;<\/span><\/h3>\n<ul>\n<li>Yosun Giderici<\/li>\n<li>Yosun \u00d6nleyici<\/li>\n<li>Dezenfektan<\/li>\n<li>\u00c7\u00f6kt\u00fcr\u00fcc\u00fc<\/li>\n<li>Ph Artt\u0131r\u0131c\u0131<\/li>\n<li>Ph D\u00fc\u015f\u00fcr\u00fcc\u00fc<\/li>\n<\/ul>\n<p>[img_reflect_right src=&#8221;http:\/\/www.richemplus.com\/ana\/wp-content\/uploads\/2014\/10\/water.jpg&#8221;]<\/p>\n","protected":false},"excerpt":{"rendered":"<p>Ba\u015fl\u0131ca havuz suyu kimyasallar\u0131m\u0131z ; Yosun Giderici Yosun \u00d6nleyici Dezenfektan \u00c7\u00f6kt\u00fcr\u00fcc\u00fc Ph Artt\u0131r\u0131c\u0131 Ph D\u00fc\u015f\u00fcr\u00fcc\u00fc [img_reflect_right src=&#8221;http:\/\/www.richemplus.com\/ana\/wp-content\/uploads\/2014\/10\/water.jpg&#8221;]<\/p>\n","protected":false},"author":1,"featured_media":0,"parent":0,"menu_order":0,"comment_status":"closed","ping_status":"open","template":"page_r.php","meta":{"_acf_changed":false,"nf_dc_page":"","footnotes":""},"class_list":["post-706","page","type-page","status-publish","hentry"],"acf":[],"_links":{"self":[{"href":"http:\/\/www.richemplus.com\/ana\/wp-json\/wp\/v2\/pages\/706","targetHints":{"allow":["GET"]}}],"collection":[{"href":"http:\/\/www.richemplus.com\/ana\/wp-json\/wp\/v2\/pages"}],"about":[{"href":"http:\/\/www.richemplus.com\/ana\/wp-json\/wp\/v2\/types\/page"}],"author":[{"embeddable":true,"href":"http:\/\/www.richemplus.com\/ana\/wp-json\/wp\/v2\/users\/1"}],"replies":[{"embeddable":true,"href":"http:\/\/www.richemplus.com\/ana\/wp-json\/wp\/v2\/comments?post=706"}],"version-history":[{"count":8,"href":"http:\/\/www.richemplus.com\/ana\/wp-json\/wp\/v2\/pages\/706\/revisions"}],"predecessor-version":[{"id":757,"href":"http:\/\/www.richemplus.com\/ana\/wp-json\/wp\/v2\/pages\/706\/revisions\/757"}],"wp:attachment":[{"href":"http:\/\/www.richemplus.com\/ana\/wp-json\/wp\/v2\/media?parent=706"}],"curies":[{"name":"wp","href":"https:\/\/api.w.org\/{rel}","templated":true}]}}