{"id":702,"date":"2014-10-04T11:31:12","date_gmt":"2014-10-04T11:31:12","guid":{"rendered":"http:\/\/localhost\/nortchemical\/?page_id=702"},"modified":"2015-10-13T11:42:43","modified_gmt":"2015-10-13T11:42:43","slug":"plastik-sanayi-kimyasallari","status":"publish","type":"page","link":"http:\/\/www.richemplus.com\/ana\/plastik-sanayi-kimyasallari\/","title":{"rendered":"Plastik Sanayi Kimyasallar\u0131"},"content":{"rendered":"<p>[one_half]<\/p>\n<h3 style=\"padding-left: 30px;\"><span style=\"text-decoration: underline;\">Standart Polimerler\u00a0;<\/span><\/h3>\n<ul>\n<li>Y\u00fcksek Yo\u011funluk Polietilen ( HDPE )<\/li>\n<li>Lineer D\u00fc\u015f\u00fck Yo\u011funluk Polietilen ( LLDP )<\/li>\n<li>D\u00fc\u015f\u00fck Yo\u011funluk Polietilen ( LDP )<\/li>\n<li>Masterbatch<\/li>\n<li>NeopentilGlikol<\/li>\n<li>Nylon 6<\/li>\n<li>PET<\/li>\n<li>Poliproplen<\/li>\n<li>PVC<\/li>\n<\/ul>\n<p>[\/one_half]<br \/>\n[one_half_last]<\/p>\n<h3 style=\"padding-left: 30px;\"><span style=\"text-decoration: underline;\">Katk\u0131lar\u00a0;<\/span><\/h3>\n<ul>\n<li>Mukavemet Artt\u0131r\u0131c\u0131lar<\/li>\n<li>Antioxidanlar<\/li>\n<li>Stabilizat\u00f6rler<\/li>\n<li>Viskozite D\u00fc\u015f\u00fcr\u00fcc\u00fcler<\/li>\n<li>Dispensing&amp;Islatma Katk\u0131lar\u0131<\/li>\n<li>K\u00f6p\u00fck Kesiciler<\/li>\n<li>UV Stabilizat\u00f6rler<\/li>\n<li>Flame Retardantlar<\/li>\n<\/ul>\n<p>[\/one_half_last]<br \/>\n[img_reflect_right src=&#8221;http:\/\/www.richemplus.com\/ana\/wp-content\/uploads\/2014\/10\/plastic.jpg&#8221;]<\/p>\n","protected":false},"excerpt":{"rendered":"<p>[one_half] Standart Polimerler\u00a0; Y\u00fcksek Yo\u011funluk Polietilen ( HDPE ) Lineer D\u00fc\u015f\u00fck Yo\u011funluk Polietilen ( LLDP ) D\u00fc\u015f\u00fck Yo\u011funluk Polietilen ( LDP ) Masterbatch NeopentilGlikol Nylon 6 PET Poliproplen PVC [\/one_half] [one_half_last] Katk\u0131lar\u00a0; Mukavemet Artt\u0131r\u0131c\u0131lar Antioxidanlar Stabilizat\u00f6rler Viskozite D\u00fc\u015f\u00fcr\u00fcc\u00fcler Dispensing&amp;Islatma Katk\u0131lar\u0131 K\u00f6p\u00fck Kesiciler UV Stabilizat\u00f6rler Flame Retardantlar [\/one_half_last] [img_reflect_right src=&#8221;http:\/\/www.richemplus.com\/ana\/wp-content\/uploads\/2014\/10\/plastic.jpg&#8221;]<\/p>\n","protected":false},"author":1,"featured_media":0,"parent":0,"menu_order":0,"comment_status":"closed","ping_status":"open","template":"page_r.php","meta":{"_acf_changed":false,"nf_dc_page":"","footnotes":""},"class_list":["post-702","page","type-page","status-publish","hentry"],"acf":[],"_links":{"self":[{"href":"http:\/\/www.richemplus.com\/ana\/wp-json\/wp\/v2\/pages\/702","targetHints":{"allow":["GET"]}}],"collection":[{"href":"http:\/\/www.richemplus.com\/ana\/wp-json\/wp\/v2\/pages"}],"about":[{"href":"http:\/\/www.richemplus.com\/ana\/wp-json\/wp\/v2\/types\/page"}],"author":[{"embeddable":true,"href":"http:\/\/www.richemplus.com\/ana\/wp-json\/wp\/v2\/users\/1"}],"replies":[{"embeddable":true,"href":"http:\/\/www.richemplus.com\/ana\/wp-json\/wp\/v2\/comments?post=702"}],"version-history":[{"count":23,"href":"http:\/\/www.richemplus.com\/ana\/wp-json\/wp\/v2\/pages\/702\/revisions"}],"predecessor-version":[{"id":1007,"href":"http:\/\/www.richemplus.com\/ana\/wp-json\/wp\/v2\/pages\/702\/revisions\/1007"}],"wp:attachment":[{"href":"http:\/\/www.richemplus.com\/ana\/wp-json\/wp\/v2\/media?parent=702"}],"curies":[{"name":"wp","href":"https:\/\/api.w.org\/{rel}","templated":true}]}}