{"id":664,"date":"2014-10-04T10:13:08","date_gmt":"2014-10-04T10:13:08","guid":{"rendered":"http:\/\/localhost\/nortchemical\/?page_id=664"},"modified":"2015-10-11T19:46:27","modified_gmt":"2015-10-11T19:46:27","slug":"kaucuk-lastik-sanayi-kimyasallari","status":"publish","type":"page","link":"http:\/\/www.richemplus.com\/ana\/kaucuk-lastik-sanayi-kimyasallari\/","title":{"rendered":"Kau\u00e7uk &#038; Lastik Sanayi Kimyasallar\u0131"},"content":{"rendered":"<h3 style=\"padding-left: 30px;\"><span style=\"text-decoration: underline;\">Kau\u00e7uk malzeme ve Lastik \u00fcretiminde kullan\u0131lan kimyasallar;<\/span><\/h3>\n<ul>\n<li>Viskozite D\u00fc\u015f\u00fcr\u00fcc\u00fcler<\/li>\n<li>Re\u00e7ineler<\/li>\n<li>Aktivat\u00f6rler<\/li>\n<li>H\u0131zland\u0131r\u0131c\u0131lar<\/li>\n<li>Koroyucular<\/li>\n<li>Vulkanize Ajanlar\u0131<\/li>\n<li>Vulkanizasyon Katk\u0131lar\u0131<\/li>\n<li>Dolgular ve \u015ei\u015firiciler<\/li>\n<li>Proses Yard\u0131mc\u0131lar\u0131<\/li>\n<\/ul>\n<p>[img_reflect_right src=&#8221;http:\/\/www.richemplus.com\/ana\/wp-content\/uploads\/2014\/10\/rubber.png&#8221;]<\/p>\n","protected":false},"excerpt":{"rendered":"<p>Kau\u00e7uk malzeme ve Lastik \u00fcretiminde kullan\u0131lan kimyasallar; Viskozite D\u00fc\u015f\u00fcr\u00fcc\u00fcler Re\u00e7ineler Aktivat\u00f6rler H\u0131zland\u0131r\u0131c\u0131lar Koroyucular Vulkanize Ajanlar\u0131 Vulkanizasyon Katk\u0131lar\u0131 Dolgular ve \u015ei\u015firiciler Proses Yard\u0131mc\u0131lar\u0131 [img_reflect_right src=&#8221;http:\/\/www.richemplus.com\/ana\/wp-content\/uploads\/2014\/10\/rubber.png&#8221;]<\/p>\n","protected":false},"author":1,"featured_media":0,"parent":0,"menu_order":0,"comment_status":"closed","ping_status":"open","template":"page_r.php","meta":{"_acf_changed":false,"nf_dc_page":"","footnotes":""},"class_list":["post-664","page","type-page","status-publish","hentry"],"acf":[],"_links":{"self":[{"href":"http:\/\/www.richemplus.com\/ana\/wp-json\/wp\/v2\/pages\/664","targetHints":{"allow":["GET"]}}],"collection":[{"href":"http:\/\/www.richemplus.com\/ana\/wp-json\/wp\/v2\/pages"}],"about":[{"href":"http:\/\/www.richemplus.com\/ana\/wp-json\/wp\/v2\/types\/page"}],"author":[{"embeddable":true,"href":"http:\/\/www.richemplus.com\/ana\/wp-json\/wp\/v2\/users\/1"}],"replies":[{"embeddable":true,"href":"http:\/\/www.richemplus.com\/ana\/wp-json\/wp\/v2\/comments?post=664"}],"version-history":[{"count":17,"href":"http:\/\/www.richemplus.com\/ana\/wp-json\/wp\/v2\/pages\/664\/revisions"}],"predecessor-version":[{"id":761,"href":"http:\/\/www.richemplus.com\/ana\/wp-json\/wp\/v2\/pages\/664\/revisions\/761"}],"wp:attachment":[{"href":"http:\/\/www.richemplus.com\/ana\/wp-json\/wp\/v2\/media?parent=664"}],"curies":[{"name":"wp","href":"https:\/\/api.w.org\/{rel}","templated":true}]}}