{"id":231,"date":"2014-10-04T09:26:52","date_gmt":"2014-10-04T09:26:52","guid":{"rendered":"http:\/\/localhost\/nortchemical\/?page_id=231"},"modified":"2015-10-13T11:48:30","modified_gmt":"2015-10-13T11:48:30","slug":"temel-kimyasallar","status":"publish","type":"page","link":"http:\/\/www.richemplus.com\/ana\/temel-kimyasallar\/","title":{"rendered":"\u0130la\u00e7 End\u00fcstri Kimyasallar\u0131"},"content":{"rendered":"<p>Richemplus \u0130la\u00e7 kimyasallar\u0131 ila\u00e7 ve sa\u011fl\u0131k sanayi i\u00e7in tercih edilen tedarik\u00e7i olarak, geni\u015f ila\u00e7 kimyasallar\u0131 portf\u00f6y\u00fc sunmaktad\u0131r. Uluslaras\u0131 i\u015fbirli\u011fi ortaklar\u0131 ile her t\u00fcrl\u00fc ihtiyaca y\u00f6nelik \u00e7\u00f6z\u00fcmler sunmaktad\u0131r. Uluslaras\u0131 standartlarda \u00fcr\u00fcn sunmak ve global lojistik \u00a0imkanlar\u0131 ile en k\u0131sa zamanda m\u00fc\u015fteri ihtiya\u00e7lar\u0131na cevap vermektedir.<\/p>\n<p>Geni\u015f \u00fcr\u00fcn portf\u00f6y\u00fc ile bir\u00e7ok \u00fcreticinin vazge\u00e7ilmez tedarik\u00e7isidir. \u00dcr\u00fcn yelpazesine ana ba\u015fl\u0131klar\u0131 ile listelenmi\u015ftir.<\/p>\n<p>Richemplus m\u00fc\u015fterilerine uluslaras\u0131 kalite standartlar\u0131na uygun \u00fcr\u00fcnler sunmaktad\u0131r. \u00fcr\u00fcnlerin gerekli t\u00fcm kalite standartlar\u0131n uygun olmas\u0131 \u00f6nceliklerimizdendir. \u015eeffaf ve g\u00fcvenilir tedarik\u00e7i olmam\u0131z, sundu\u011fumuz hizmet ve kalite, ISO 9001:2008, ISO 14001:2004 + Cor1:2009 ve BS 18001:2007 \u00e7e\u015fitleri sertifakalar\u0131yla onaylanm\u0131\u015ft\u0131r.<\/p>\n<p>\u0130la\u00e7 end\u00fcstrisi kimyasallar\u0131m\u0131z, Avrupa Birli\u011fi \u0130nsan ve Veterinerlik ila\u00e7lar\u0131 \u00fcretimi kurallar\u0131na ( GMP guideline part 2) uygun olup, insan ve veterinerlik amac\u0131 i\u00e7in \u0130la\u00e7 ( AMG 64,67,72 a) ve aktif ila\u00e7 i\u00e7erik ( AMWHV) gerekliliklerini yerine getirmektedir.<br \/>\n[img_reflect_right src=&#8221;http:\/\/www.richemplus.com\/ana\/wp-content\/uploads\/2014\/10\/medicine-21.png&#8221;]<\/p>\n","protected":false},"excerpt":{"rendered":"<p>Richemplus \u0130la\u00e7 kimyasallar\u0131 ila\u00e7 ve sa\u011fl\u0131k sanayi i\u00e7in tercih edilen tedarik\u00e7i olarak, geni\u015f ila\u00e7 kimyasallar\u0131 portf\u00f6y\u00fc sunmaktad\u0131r. Uluslaras\u0131 i\u015fbirli\u011fi ortaklar\u0131 ile her t\u00fcrl\u00fc ihtiyaca y\u00f6nelik \u00e7\u00f6z\u00fcmler sunmaktad\u0131r. Uluslaras\u0131 standartlarda \u00fcr\u00fcn sunmak ve global lojistik \u00a0imkanlar\u0131 ile en k\u0131sa zamanda m\u00fc\u015fteri ihtiya\u00e7lar\u0131na cevap vermektedir. Geni\u015f \u00fcr\u00fcn portf\u00f6y\u00fc ile bir\u00e7ok \u00fcreticinin vazge\u00e7ilmez tedarik\u00e7isidir. \u00dcr\u00fcn yelpazesine ana ba\u015fl\u0131klar\u0131 ile listelenmi\u015ftir. Richemplus m\u00fc\u015fterilerine uluslaras\u0131 kalite standartlar\u0131na uygun \u00fcr\u00fcnler sunmaktad\u0131r. \u00fcr\u00fcnlerin gerekli t\u00fcm kalite standartlar\u0131n[&hellip;]<\/p>\n","protected":false},"author":1,"featured_media":0,"parent":0,"menu_order":0,"comment_status":"open","ping_status":"open","template":"page_l.php","meta":{"_acf_changed":false,"nf_dc_page":"","footnotes":""},"class_list":["post-231","page","type-page","status-publish","hentry"],"acf":[],"_links":{"self":[{"href":"http:\/\/www.richemplus.com\/ana\/wp-json\/wp\/v2\/pages\/231","targetHints":{"allow":["GET"]}}],"collection":[{"href":"http:\/\/www.richemplus.com\/ana\/wp-json\/wp\/v2\/pages"}],"about":[{"href":"http:\/\/www.richemplus.com\/ana\/wp-json\/wp\/v2\/types\/page"}],"author":[{"embeddable":true,"href":"http:\/\/www.richemplus.com\/ana\/wp-json\/wp\/v2\/users\/1"}],"replies":[{"embeddable":true,"href":"http:\/\/www.richemplus.com\/ana\/wp-json\/wp\/v2\/comments?post=231"}],"version-history":[{"count":41,"href":"http:\/\/www.richemplus.com\/ana\/wp-json\/wp\/v2\/pages\/231\/revisions"}],"predecessor-version":[{"id":755,"href":"http:\/\/www.richemplus.com\/ana\/wp-json\/wp\/v2\/pages\/231\/revisions\/755"}],"wp:attachment":[{"href":"http:\/\/www.richemplus.com\/ana\/wp-json\/wp\/v2\/media?parent=231"}],"curies":[{"name":"wp","href":"https:\/\/api.w.org\/{rel}","templated":true}]}}