{"id":1646,"date":"2026-02-27T09:30:12","date_gmt":"2026-02-27T09:30:12","guid":{"rendered":"http:\/\/www.richemplus.com\/ana\/?page_id=1646"},"modified":"2026-02-28T10:24:36","modified_gmt":"2026-02-28T10:24:36","slug":"iletisim_son","status":"publish","type":"page","link":"http:\/\/www.richemplus.com\/ana\/iletisim_son\/","title":{"rendered":"iletisim_son"},"content":{"rendered":"<div class=\"wpb-content-wrapper\"><p>[vc_row][vc_column width=&#8221;1\/2&#8243;][vc_gmaps link=&#8221;#E-8_JTNDaWZyYW1lJTIwc3JjJTNEJTIyaHR0cHMlM0ElMkYlMkZ3d3cuZ29vZ2xlLmNvbSUyRm1hcHMlMkZlbWJlZCUzRnBiJTNEJTIxMW0xOCUyMTFtMTIlMjExbTMlMjExZDMwMTAuODEwOTk3OTIxODUzNCUyMTJkMjguNjU4OTUwNTc1MTcwNDA4JTIxM2Q0MS4wMDc1MDk4MTk0NzM0NyUyMTJtMyUyMTFmMCUyMTJmMCUyMTNmMCUyMTNtMiUyMTFpMTAyNCUyMTJpNzY4JTIxNGYxMy4xJTIxM20zJTIxMW0yJTIxMXMweDE0YjU1Zjc3ZjIxOGVhYjUlMjUzQTB4MmZiMWZhYTY1Y2EzNjEyYiUyMTJzU2t5cG9ydCUyNTIwUmVzaWRhbmNlJTIxNWUwJTIxM20yJTIxMXN0ciUyMTJzdHIlMjE0djE3NzIxODQ0Mjc1NzMlMjE1bTIlMjExc3RyJTIxMnN0ciUyMiUyMHdpZHRoJTNEJTIyNjAwJTIyJTIwaGVpZ2h0JTNEJTIyNDUwJTIyJTIwc3R5bGUlM0QlMjJib3JkZXIlM0EwJTNCJTIyJTIwYWxsb3dmdWxsc2NyZWVuJTNEJTIyJTIyJTIwbG9hZGluZyUzRCUyMmxhenklMjIlMjByZWZlcnJlcnBvbGljeSUzRCUyMm5vLXJlZmVycmVyLXdoZW4tZG93bmdyYWRlJTIyJTNFJTNDJTJGaWZyYW1lJTNF&#8221; css=&#8221;&#8221;][vc_column_text css=&#8221;&#8221;]Richemplus End\u00fcstriyel Medikal \u00dcr\u00fcnler Tekstil D\u0131\u015f Tic Sat ve Paz Ltd \u015eti<\/p>\n<p>Yakuplu Mah. H\u00fcrriyet Bulvar\u0131 Skyport Residence No:1\/113 Beylikd\u00fcz\u00fc \u0130stanbul[\/vc_column_text][\/vc_column][vc_column width=&#8221;1\/2&#8243;]<style id=\"wpforms-css-vars-1648\">\n\t\t\t\t#wpforms-1648 {\n\t\t\t\t--wpforms-field-border-color: #fa0f0f;\n--wpforms-field-border-color-spare: #fa0f0f;\n--wpforms-field-text-color: rgba(0, 0, 0, 0.7);\n--wpforms-label-color: rgba(0, 0, 0, 0.85);\n--wpforms-label-sublabel-color: rgba(0, 0, 0, 0.55);\n--wpforms-button-background-color: #e00031;\n--wpforms-container-padding: 0px;\n--wpforms-container-border-width: 1px;\n--wpforms-container-border-radius: 3px;\n--wpforms-background-color: rgba(0, 0, 0, 0);\n--wpforms-field-size-input-height: 43px;\n--wpforms-field-size-input-spacing: 15px;\n--wpforms-field-size-font-size: 16px;\n--wpforms-field-size-line-height: 19px;\n--wpforms-field-size-padding-h: 14px;\n--wpforms-field-size-checkbox-size: 16px;\n--wpforms-field-size-sublabel-spacing: 5px;\n--wpforms-field-size-icon-size: 1;\n--wpforms-label-size-font-size: 16px;\n--wpforms-label-size-line-height: 19px;\n--wpforms-label-size-sublabel-font-size: 14px;\n--wpforms-label-size-sublabel-line-height: 17px;\n--wpforms-button-size-font-size: 17px;\n--wpforms-button-size-height: 41px;\n--wpforms-button-size-padding-h: 15px;\n--wpforms-button-size-margin-top: 10px;\n--wpforms-container-shadow-size-box-shadow: none;\n\t\t\t}\n\t\t\t<\/style><div class=\"wpforms-container wpforms-container-full wpforms-render-modern\" id=\"wpforms-1648\"><form id=\"wpforms-form-1648\" class=\"wpforms-validate wpforms-form wpforms-ajax-form\" data-formid=\"1648\" method=\"post\" enctype=\"multipart\/form-data\" action=\"\/ana\/wp-json\/wp\/v2\/pages\/1646\" data-token=\"441c080feec4755d0552841485a3a1df\" data-token-time=\"1777704143\"><noscript class=\"wpforms-error-noscript\">Please enable JavaScript in your browser to complete this form.<\/noscript><div id=\"wpforms-error-noscript\" style=\"display: none;\">Please enable JavaScript in your browser to complete this form.<\/div><div class=\"wpforms-field-container\"><div id=\"wpforms-1648-field_2-container\" class=\"wpforms-field wpforms-field-text\" data-field-id=\"2\"><label class=\"wpforms-field-label\" for=\"wpforms-1648-field_2\">Ad Soyad <span class=\"wpforms-required-label\" aria-hidden=\"true\">*<\/span><\/label><input type=\"text\" id=\"wpforms-1648-field_2\" class=\"wpforms-field-medium wpforms-field-required\" name=\"wpforms[fields][2]\" aria-errormessage=\"wpforms-1648-field_2-error\" required><\/div><div id=\"wpforms-1648-field_1-container\" class=\"wpforms-field wpforms-field-text\" data-field-id=\"1\"><label class=\"wpforms-field-label\" for=\"wpforms-1648-field_1\">\u015eirket<\/label><input type=\"text\" id=\"wpforms-1648-field_1\" class=\"wpforms-field-medium\" name=\"wpforms[fields][1]\" aria-errormessage=\"wpforms-1648-field_1-error\" ><\/div><div id=\"wpforms-1648-field_7-container\" class=\"wpforms-field wpforms-field-text\" data-field-id=\"7\"><label class=\"wpforms-field-label\" for=\"wpforms-1648-field_7\">Telefon <span class=\"wpforms-required-label\" aria-hidden=\"true\">*<\/span><\/label><input type=\"text\" id=\"wpforms-1648-field_7\" class=\"wpforms-field-medium wpforms-field-required\" name=\"wpforms[fields][7]\" aria-errormessage=\"wpforms-1648-field_7-error\" required><\/div>\t\t<div id=\"wpforms-1648-field_5-container\"\n\t\t\tclass=\"wpforms-field wpforms-field-text\"\n\t\t\tdata-field-type=\"text\"\n\t\t\tdata-field-id=\"5\"\n\t\t\t>\n\t\t\t<label class=\"wpforms-field-label\" for=\"wpforms-1648-field_5\" >Soyad Telefon Ad<\/label>\n\t\t\t<input type=\"text\" id=\"wpforms-1648-field_5\" class=\"wpforms-field-medium\" name=\"wpforms[fields][5]\" >\n\t\t<\/div>\n\t\t<div id=\"wpforms-1648-field_3-container\" class=\"wpforms-field wpforms-field-email\" data-field-id=\"3\"><label class=\"wpforms-field-label\" for=\"wpforms-1648-field_3\">Email <span class=\"wpforms-required-label\" aria-hidden=\"true\">*<\/span><\/label><input type=\"email\" id=\"wpforms-1648-field_3\" class=\"wpforms-field-medium wpforms-field-required\" name=\"wpforms[fields][3]\" spellcheck=\"false\" aria-errormessage=\"wpforms-1648-field_3-error\" required><\/div><div id=\"wpforms-1648-field_4-container\" class=\"wpforms-field wpforms-field-textarea\" data-field-id=\"4\"><label class=\"wpforms-field-label\" for=\"wpforms-1648-field_4\">Mesaj <span class=\"wpforms-required-label\" aria-hidden=\"true\">*<\/span><\/label><textarea id=\"wpforms-1648-field_4\" class=\"wpforms-field-medium wpforms-field-required\" name=\"wpforms[fields][4]\" aria-errormessage=\"wpforms-1648-field_4-error\" required><\/textarea><\/div><script>\n\t\t\t\t( function() {\n\t\t\t\t\tconst style = document.createElement( 'style' );\n\t\t\t\t\tstyle.appendChild( document.createTextNode( '#wpforms-1648-field_5-container { position: absolute !important; overflow: hidden !important; display: inline !important; height: 1px !important; width: 1px !important; z-index: -1000 !important; padding: 0 !important; } #wpforms-1648-field_5-container input { visibility: hidden; } #wpforms-conversational-form-page #wpforms-1648-field_5-container label { counter-increment: none; }' ) );\n\t\t\t\t\tdocument.head.appendChild( style );\n\t\t\t\t\tdocument.currentScript?.remove();\n\t\t\t\t} )();\n\t\t\t<\/script><\/div><!-- .wpforms-field-container --><div class=\"wpforms-submit-container\" ><input type=\"hidden\" name=\"wpforms[id]\" value=\"1648\"><input type=\"hidden\" name=\"page_title\" value=\"\"><input type=\"hidden\" name=\"page_url\" value=\"http:\/\/www.richemplus.com\/ana\/wp-json\/wp\/v2\/pages\/1646\"><input type=\"hidden\" name=\"url_referer\" value=\"\"><button type=\"submit\" name=\"wpforms[submit]\" id=\"wpforms-submit-1648\" class=\"wpforms-submit\" data-alt-text=\"Sending...\" data-submit-text=\"Submit\" aria-live=\"assertive\" value=\"wpforms-submit\">Submit<\/button><img loading=\"lazy\" decoding=\"async\" src=\"http:\/\/www.richemplus.com\/ana\/wp-content\/plugins\/wpforms-lite\/assets\/images\/submit-spin.svg\" class=\"wpforms-submit-spinner\" style=\"display: none;\" width=\"26\" height=\"26\" alt=\"Loading\"><\/div><\/form><\/div>  <!-- .wpforms-container -->[\/vc_column][\/vc_row]<\/p>\n<\/div>","protected":false},"excerpt":{"rendered":"<p>[vc_row][vc_column width=&#8221;1\/2&#8243;][vc_gmaps link=&#8221;#E-8_JTNDaWZyYW1lJTIwc3JjJTNEJTIyaHR0cHMlM0ElMkYlMkZ3d3cuZ29vZ2xlLmNvbSUyRm1hcHMlMkZlbWJlZCUzRnBiJTNEJTIxMW0xOCUyMTFtMTIlMjExbTMlMjExZDMwMTAuODEwOTk3OTIxODUzNCUyMTJkMjguNjU4OTUwNTc1MTcwNDA4JTIxM2Q0MS4wMDc1MDk4MTk0NzM0NyUyMTJtMyUyMTFmMCUyMTJmMCUyMTNmMCUyMTNtMiUyMTFpMTAyNCUyMTJpNzY4JTIxNGYxMy4xJTIxM20zJTIxMW0yJTIxMXMweDE0YjU1Zjc3ZjIxOGVhYjUlMjUzQTB4MmZiMWZhYTY1Y2EzNjEyYiUyMTJzU2t5cG9ydCUyNTIwUmVzaWRhbmNlJTIxNWUwJTIxM20yJTIxMXN0ciUyMTJzdHIlMjE0djE3NzIxODQ0Mjc1NzMlMjE1bTIlMjExc3RyJTIxMnN0ciUyMiUyMHdpZHRoJTNEJTIyNjAwJTIyJTIwaGVpZ2h0JTNEJTIyNDUwJTIyJTIwc3R5bGUlM0QlMjJib3JkZXIlM0EwJTNCJTIyJTIwYWxsb3dmdWxsc2NyZWVuJTNEJTIyJTIyJTIwbG9hZGluZyUzRCUyMmxhenklMjIlMjByZWZlcnJlcnBvbGljeSUzRCUyMm5vLXJlZmVycmVyLXdoZW4tZG93bmdyYWRlJTIyJTNFJTNDJTJGaWZyYW1lJTNF&#8221; css=&#8221;&#8221;][vc_column_text css=&#8221;&#8221;]Richemplus End\u00fcstriyel Medikal \u00dcr\u00fcnler Tekstil D\u0131\u015f Tic Sat ve Paz Ltd \u015eti Yakuplu Mah. H\u00fcrriyet Bulvar\u0131 Skyport Residence No:1\/113 Beylikd\u00fcz\u00fc \u0130stanbul[\/vc_column_text][\/vc_column][vc_column width=&#8221;1\/2&#8243;][\/vc_column][\/vc_row]<\/p>\n","protected":false},"author":1,"featured_media":0,"parent":0,"menu_order":0,"comment_status":"closed","ping_status":"closed","template":"","meta":{"_acf_changed":false,"nf_dc_page":"","footnotes":""},"class_list":["post-1646","page","type-page","status-publish","hentry"],"acf":[],"_links":{"self":[{"href":"http:\/\/www.richemplus.com\/ana\/wp-json\/wp\/v2\/pages\/1646","targetHints":{"allow":["GET"]}}],"collection":[{"href":"http:\/\/www.richemplus.com\/ana\/wp-json\/wp\/v2\/pages"}],"about":[{"href":"http:\/\/www.richemplus.com\/ana\/wp-json\/wp\/v2\/types\/page"}],"author":[{"embeddable":true,"href":"http:\/\/www.richemplus.com\/ana\/wp-json\/wp\/v2\/users\/1"}],"replies":[{"embeddable":true,"href":"http:\/\/www.richemplus.com\/ana\/wp-json\/wp\/v2\/comments?post=1646"}],"version-history":[{"count":4,"href":"http:\/\/www.richemplus.com\/ana\/wp-json\/wp\/v2\/pages\/1646\/revisions"}],"predecessor-version":[{"id":1658,"href":"http:\/\/www.richemplus.com\/ana\/wp-json\/wp\/v2\/pages\/1646\/revisions\/1658"}],"wp:attachment":[{"href":"http:\/\/www.richemplus.com\/ana\/wp-json\/wp\/v2\/media?parent=1646"}],"curies":[{"name":"wp","href":"https:\/\/api.w.org\/{rel}","templated":true}]}}