{"id":1163,"date":"2018-11-30T09:54:59","date_gmt":"2018-11-30T09:54:59","guid":{"rendered":"http:\/\/greenly-demo.pbminfotech.com\/greenly-datasite\/\/?page_id=8560"},"modified":"2018-11-30T09:54:59","modified_gmt":"2018-11-30T09:54:59","slug":"services","status":"publish","type":"page","link":"http:\/\/www.richemplus.com\/ana\/services\/","title":{"rendered":"Services"},"content":{"rendered":"<div class=\"wpb-content-wrapper\"><p>[vc_row cspt-bg-color=&#8221;light&#8221; full_width=&#8221;stretch_row&#8221; cspt-responsive-css=&#8221;40017834|colbreak_no||||||30px||30px|colbreak_no|||||||||colbreak_no||||||||||colbreak_no|||||||||&#8221;][vc_column cspt-responsive-css=&#8221;16211311|colbreak_no||||||0||0|colbreak_no|||||||||colbreak_no||||||||||colbreak_no|||||||||&#8221;]<div  class=\"creativesplanet-element creativesplanet-element-service cspt-element-service-style-2 creativesplanet-element-viewtype-row-column creativesplanet-gap-15px cspt-sortable-no\" data-show=\"9\" data-columns=\"3\" data-loop=\"false\" data-autoplay=\"false\" data-center=\"false\" data-nav=\"false\" data-dots=\"false\" data-autoplayspeed=\"1000\" data-margin=\"15px\"><div class=\"creativesplanet-element-inner\"><div class=\"cspt-ele-header-area\"><\/div><div class=\"cspt-element-posts-wrapper row multi-columns-row\"><div class=\"cspt-ele cspt-service-ele col-md-4 ilac-endustrisi cspt-term-123\"><article class=\"creativesplanet-ele creativesplanet-ele-service cspt-service-style-2\">\r\n\t<div class=\"creativesplanet-post-item\">\r\n\t\t\t\t<div class=\"creativesplanet-box-content\">\r\n            \t<div class=\"creativesplanet-box-content-inner d-flex align-items-center\">\t\r\n\t\t\t\t<div class=\"cspt-service-wrap\"> \r\n\t\t\t\t\t<div class=\"cspt-service-category\">\t\t<span class=\"cspt-service-cat\"><a href=\"http:\/\/www.richemplus.com\/ana\/service-category\/ilac-endustrisi\/\" rel=\"tag\">\u0130la\u00e7<\/a><\/span>\r\n\t\t<\/div>\r\n\t                \t\t<h3 class=\"cspt-service-title\"><a href=\"http:\/\/www.richemplus.com\/ana\/service\/solunum\/\" >Solunum<\/a><\/h3>\r\n\t                \t<\/div> \r\n\t\t\t\t<div class=\"cspt-service-icon ml-auto\">\r\n\t\t\t\t\t<div class=\"cspt-service-icon-wrapper\">\r\n\t\t\t\t\t\t\t\t\t\t\t<\/div>\r\n\t\t\t\t<\/div>\t\t\t\t      \r\n            \t<\/div>\r\n\t\t<\/div>\r\n\t<\/div>\r\n<\/article><\/div><div class=\"cspt-ele cspt-service-ele col-md-4 ilac-endustrisi cspt-term-123\"><article class=\"creativesplanet-ele creativesplanet-ele-service cspt-service-style-2\">\r\n\t<div class=\"creativesplanet-post-item\">\r\n\t\t\t\t<div class=\"creativesplanet-box-content\">\r\n            \t<div class=\"creativesplanet-box-content-inner d-flex align-items-center\">\t\r\n\t\t\t\t<div class=\"cspt-service-wrap\"> \r\n\t\t\t\t\t<div class=\"cspt-service-category\">\t\t<span class=\"cspt-service-cat\"><a href=\"http:\/\/www.richemplus.com\/ana\/service-category\/ilac-endustrisi\/\" rel=\"tag\">\u0130la\u00e7<\/a><\/span>\r\n\t\t<\/div>\r\n\t                \t\t<h3 class=\"cspt-service-title\"><a href=\"http:\/\/www.richemplus.com\/ana\/service\/oftalmoloji\/\" >Oftalmoloji<\/a><\/h3>\r\n\t                \t<\/div> \r\n\t\t\t\t<div class=\"cspt-service-icon ml-auto\">\r\n\t\t\t\t\t<div class=\"cspt-service-icon-wrapper\">\r\n\t\t\t\t\t\t\t\t\t\t\t<\/div>\r\n\t\t\t\t<\/div>\t\t\t\t      \r\n            \t<\/div>\r\n\t\t<\/div>\r\n\t<\/div>\r\n<\/article><\/div><div class=\"cspt-ele cspt-service-ele col-md-4 ilac-endustrisi cspt-term-123\"><article class=\"creativesplanet-ele creativesplanet-ele-service cspt-service-style-2\">\r\n\t<div class=\"creativesplanet-post-item\">\r\n\t\t\t\t<div class=\"creativesplanet-box-content\">\r\n            \t<div class=\"creativesplanet-box-content-inner d-flex align-items-center\">\t\r\n\t\t\t\t<div class=\"cspt-service-wrap\"> \r\n\t\t\t\t\t<div class=\"cspt-service-category\">\t\t<span class=\"cspt-service-cat\"><a href=\"http:\/\/www.richemplus.com\/ana\/service-category\/ilac-endustrisi\/\" rel=\"tag\">\u0130la\u00e7<\/a><\/span>\r\n\t\t<\/div>\r\n\t                \t\t<h3 class=\"cspt-service-title\"><a href=\"http:\/\/www.richemplus.com\/ana\/service\/onkoloji\/\" >Onkoloji<\/a><\/h3>\r\n\t                \t<\/div> \r\n\t\t\t\t<div class=\"cspt-service-icon ml-auto\">\r\n\t\t\t\t\t<div class=\"cspt-service-icon-wrapper\">\r\n\t\t\t\t\t\t\t\t\t\t\t<\/div>\r\n\t\t\t\t<\/div>\t\t\t\t      \r\n            \t<\/div>\r\n\t\t<\/div>\r\n\t<\/div>\r\n<\/article><\/div><div class=\"cspt-ele cspt-service-ele col-md-4 ilac-endustrisi cspt-term-123\"><article class=\"creativesplanet-ele creativesplanet-ele-service cspt-service-style-2\">\r\n\t<div class=\"creativesplanet-post-item\">\r\n\t\t\t\t<div class=\"creativesplanet-box-content\">\r\n            \t<div class=\"creativesplanet-box-content-inner d-flex align-items-center\">\t\r\n\t\t\t\t<div class=\"cspt-service-wrap\"> \r\n\t\t\t\t\t<div class=\"cspt-service-category\">\t\t<span class=\"cspt-service-cat\"><a href=\"http:\/\/www.richemplus.com\/ana\/service-category\/ilac-endustrisi\/\" rel=\"tag\">\u0130la\u00e7<\/a><\/span>\r\n\t\t<\/div>\r\n\t                \t\t<h3 class=\"cspt-service-title\"><a href=\"http:\/\/www.richemplus.com\/ana\/service\/kas-iskelet-sistemi\/\" >Kas-\u0130skelet Sistemi<\/a><\/h3>\r\n\t                \t<\/div> \r\n\t\t\t\t<div class=\"cspt-service-icon ml-auto\">\r\n\t\t\t\t\t<div class=\"cspt-service-icon-wrapper\">\r\n\t\t\t\t\t\t\t\t\t\t\t<\/div>\r\n\t\t\t\t<\/div>\t\t\t\t      \r\n            \t<\/div>\r\n\t\t<\/div>\r\n\t<\/div>\r\n<\/article><\/div><div class=\"cspt-ele cspt-service-ele col-md-4 ilac-endustrisi cspt-term-123\"><article class=\"creativesplanet-ele creativesplanet-ele-service cspt-service-style-2\">\r\n\t<div class=\"creativesplanet-post-item\">\r\n\t\t\t\t<div class=\"creativesplanet-box-content\">\r\n            \t<div class=\"creativesplanet-box-content-inner d-flex align-items-center\">\t\r\n\t\t\t\t<div class=\"cspt-service-wrap\"> \r\n\t\t\t\t\t<div class=\"cspt-service-category\">\t\t<span class=\"cspt-service-cat\"><a href=\"http:\/\/www.richemplus.com\/ana\/service-category\/ilac-endustrisi\/\" rel=\"tag\">\u0130la\u00e7<\/a><\/span>\r\n\t\t<\/div>\r\n\t                \t\t<h3 class=\"cspt-service-title\"><a href=\"http:\/\/www.richemplus.com\/ana\/service\/metabolik-bozukluklar\/\" >Metabolik Bozukluklar<\/a><\/h3>\r\n\t                \t<\/div> \r\n\t\t\t\t<div class=\"cspt-service-icon ml-auto\">\r\n\t\t\t\t\t<div class=\"cspt-service-icon-wrapper\">\r\n\t\t\t\t\t\t\t\t\t\t\t<\/div>\r\n\t\t\t\t<\/div>\t\t\t\t      \r\n            \t<\/div>\r\n\t\t<\/div>\r\n\t<\/div>\r\n<\/article><\/div><div class=\"cspt-ele cspt-service-ele col-md-4 ilac-endustrisi cspt-term-123\"><article class=\"creativesplanet-ele creativesplanet-ele-service cspt-service-style-2\">\r\n\t<div class=\"creativesplanet-post-item\">\r\n\t\t\t\t<div class=\"creativesplanet-box-content\">\r\n            \t<div class=\"creativesplanet-box-content-inner d-flex align-items-center\">\t\r\n\t\t\t\t<div class=\"cspt-service-wrap\"> \r\n\t\t\t\t\t<div class=\"cspt-service-category\">\t\t<span class=\"cspt-service-cat\"><a href=\"http:\/\/www.richemplus.com\/ana\/service-category\/ilac-endustrisi\/\" rel=\"tag\">\u0130la\u00e7<\/a><\/span>\r\n\t\t<\/div>\r\n\t                \t\t<h3 class=\"cspt-service-title\"><a href=\"http:\/\/www.richemplus.com\/ana\/service\/bulasici-hastalik\/\" >Bula\u015f\u0131c\u0131 Hastal\u0131k<\/a><\/h3>\r\n\t                \t<\/div> \r\n\t\t\t\t<div class=\"cspt-service-icon ml-auto\">\r\n\t\t\t\t\t<div class=\"cspt-service-icon-wrapper\">\r\n\t\t\t\t\t\t\t\t\t\t\t<\/div>\r\n\t\t\t\t<\/div>\t\t\t\t      \r\n            \t<\/div>\r\n\t\t<\/div>\r\n\t<\/div>\r\n<\/article><\/div><div class=\"cspt-ele cspt-service-ele col-md-4 ilac-endustrisi cspt-term-123\"><article class=\"creativesplanet-ele creativesplanet-ele-service cspt-service-style-2\">\r\n\t<div class=\"creativesplanet-post-item\">\r\n\t\t\t\t<div class=\"creativesplanet-box-content\">\r\n            \t<div class=\"creativesplanet-box-content-inner d-flex align-items-center\">\t\r\n\t\t\t\t<div class=\"cspt-service-wrap\"> \r\n\t\t\t\t\t<div class=\"cspt-service-category\">\t\t<span class=\"cspt-service-cat\"><a href=\"http:\/\/www.richemplus.com\/ana\/service-category\/ilac-endustrisi\/\" rel=\"tag\">\u0130la\u00e7<\/a><\/span>\r\n\t\t<\/div>\r\n\t                \t\t<h3 class=\"cspt-service-title\"><a href=\"http:\/\/www.richemplus.com\/ana\/service\/bagisiklik-sistemi\/\" >Ba\u011f\u0131\u015f\u0131kl\u0131k Sistemi<\/a><\/h3>\r\n\t                \t<\/div> \r\n\t\t\t\t<div class=\"cspt-service-icon ml-auto\">\r\n\t\t\t\t\t<div class=\"cspt-service-icon-wrapper\">\r\n\t\t\t\t\t\t\t\t\t\t\t<\/div>\r\n\t\t\t\t<\/div>\t\t\t\t      \r\n            \t<\/div>\r\n\t\t<\/div>\r\n\t<\/div>\r\n<\/article><\/div><div class=\"cspt-ele cspt-service-ele col-md-4 ilac-endustrisi cspt-term-123\"><article class=\"creativesplanet-ele creativesplanet-ele-service cspt-service-style-2\">\r\n\t<div class=\"creativesplanet-post-item\">\r\n\t\t\t\t<div class=\"creativesplanet-box-content\">\r\n            \t<div class=\"creativesplanet-box-content-inner d-flex align-items-center\">\t\r\n\t\t\t\t<div class=\"cspt-service-wrap\"> \r\n\t\t\t\t\t<div class=\"cspt-service-category\">\t\t<span class=\"cspt-service-cat\"><a href=\"http:\/\/www.richemplus.com\/ana\/service-category\/ilac-endustrisi\/\" rel=\"tag\">\u0130la\u00e7<\/a><\/span>\r\n\t\t<\/div>\r\n\t                \t\t<h3 class=\"cspt-service-title\"><a href=\"http:\/\/www.richemplus.com\/ana\/service\/gastrointestinal\/\" >Gastrointestinal<\/a><\/h3>\r\n\t                \t<\/div> \r\n\t\t\t\t<div class=\"cspt-service-icon ml-auto\">\r\n\t\t\t\t\t<div class=\"cspt-service-icon-wrapper\">\r\n\t\t\t\t\t\t\t\t\t\t\t<\/div>\r\n\t\t\t\t<\/div>\t\t\t\t      \r\n            \t<\/div>\r\n\t\t<\/div>\r\n\t<\/div>\r\n<\/article><\/div><div class=\"cspt-ele cspt-service-ele col-md-4 ilac-endustrisi cspt-term-123\"><article class=\"creativesplanet-ele creativesplanet-ele-service cspt-service-style-2\">\r\n\t<div class=\"creativesplanet-post-item\">\r\n\t\t\t\t<div class=\"creativesplanet-box-content\">\r\n            \t<div class=\"creativesplanet-box-content-inner d-flex align-items-center\">\t\r\n\t\t\t\t<div class=\"cspt-service-wrap\"> \r\n\t\t\t\t\t<div class=\"cspt-service-category\">\t\t<span class=\"cspt-service-cat\"><a href=\"http:\/\/www.richemplus.com\/ana\/service-category\/ilac-endustrisi\/\" rel=\"tag\">\u0130la\u00e7<\/a><\/span>\r\n\t\t<\/div>\r\n\t                \t\t<h3 class=\"cspt-service-title\"><a href=\"http:\/\/www.richemplus.com\/ana\/service\/dermotoloji\/\" >Dermotoloji<\/a><\/h3>\r\n\t                \t<\/div> \r\n\t\t\t\t<div class=\"cspt-service-icon ml-auto\">\r\n\t\t\t\t\t<div class=\"cspt-service-icon-wrapper\">\r\n\t\t\t\t\t\t\t\t\t\t\t<\/div>\r\n\t\t\t\t<\/div>\t\t\t\t      \r\n            \t<\/div>\r\n\t\t<\/div>\r\n\t<\/div>\r\n<\/article><\/div><\/div><\/div><!-- .creativesplanet-element-inner -->   <\/div><!-- .creativesplanet-element -->  [\/vc_column][\/vc_row]<\/p>\n<\/div>","protected":false},"excerpt":{"rendered":"<p>[vc_row cspt-bg-color=&#8221;light&#8221; full_width=&#8221;stretch_row&#8221; cspt-responsive-css=&#8221;40017834|colbreak_no||||||30px||30px|colbreak_no|||||||||colbreak_no||||||||||colbreak_no|||||||||&#8221;][vc_column cspt-responsive-css=&#8221;16211311|colbreak_no||||||0||0|colbreak_no|||||||||colbreak_no||||||||||colbreak_no|||||||||&#8221;][\/vc_column][\/vc_row]<\/p>\n","protected":false},"author":1,"featured_media":0,"parent":0,"menu_order":18,"comment_status":"closed","ping_status":"closed","template":"","meta":{"_acf_changed":false,"nf_dc_page":"","footnotes":""},"class_list":["post-1163","page","type-page","status-publish","hentry"],"acf":[],"_links":{"self":[{"href":"http:\/\/www.richemplus.com\/ana\/wp-json\/wp\/v2\/pages\/1163","targetHints":{"allow":["GET"]}}],"collection":[{"href":"http:\/\/www.richemplus.com\/ana\/wp-json\/wp\/v2\/pages"}],"about":[{"href":"http:\/\/www.richemplus.com\/ana\/wp-json\/wp\/v2\/types\/page"}],"author":[{"embeddable":true,"href":"http:\/\/www.richemplus.com\/ana\/wp-json\/wp\/v2\/users\/1"}],"replies":[{"embeddable":true,"href":"http:\/\/www.richemplus.com\/ana\/wp-json\/wp\/v2\/comments?post=1163"}],"version-history":[{"count":0,"href":"http:\/\/www.richemplus.com\/ana\/wp-json\/wp\/v2\/pages\/1163\/revisions"}],"wp:attachment":[{"href":"http:\/\/www.richemplus.com\/ana\/wp-json\/wp\/v2\/media?parent=1163"}],"curies":[{"name":"wp","href":"https:\/\/api.w.org\/{rel}","templated":true}]}}