{"id":1146,"date":"2022-04-06T06:47:29","date_gmt":"2022-04-06T06:47:29","guid":{"rendered":"https:\/\/greenly-demo.pbminfotech.com\/greenly-datasite-7-8\/?page_id=26309"},"modified":"2026-02-28T10:15:00","modified_gmt":"2026-02-28T10:15:00","slug":"homepage-3","status":"publish","type":"page","link":"http:\/\/www.richemplus.com\/ana\/","title":{"rendered":"Homepage 3"},"content":{"rendered":"<div class=\"wpb-content-wrapper\"><p>[vc_row cspt-bg-color=&#8221;white&#8221; full_width=&#8221;stretch_row&#8221; cspt-responsive-css=&#8221;71683791|colbreak_no|||||80px|30px|80px|30px|colbreak_no|||||||||colbreak_no|||||||30|||colbreak_no|||||||||&#8221;][vc_column cspt-responsive-css=&#8221;61298588|colbreak_no|||||||||colbreak_no|||||||||colbreak_no||||||||||colbreak_no|||||||||&#8221; css=&#8221;.vc_custom_1645589456687{padding-right: 0px !important;padding-left: 0px !important;}&#8221;]<div  class=\"creativesplanet-element creativesplanet-element-service cspt-element-service-style-2 creativesplanet-element-viewtype-row-column cspt-sortable-yes\" data-show=\"9\" data-columns=\"3\" data-loop=\"false\" data-autoplay=\"false\" data-center=\"false\" data-nav=\"false\" data-dots=\"false\" data-autoplayspeed=\"1000\" data-margin=\"\"><div class=\"creativesplanet-element-inner\"><div class=\"cspt-ele-header-area\"><div class=\"cspt-team-ele-heading\"><\/div><div class=\"cspt-sortable-list\"><ul class=\"cspt-sortable-list-ul\">\r\n\t\t\t<li><a href=\"#\" class=\"cspt-sortable-link cspt-selected\" data-sortby=\"*\">All<\/a><\/li><li><a href=\"#\" class=\"cspt-sortable-link\" data-sortby=\"cspt-term-129\">G\u0131da<\/a><\/li><li><a href=\"#\" class=\"cspt-sortable-link\" data-sortby=\"cspt-term-127\">Havuz<\/a><\/li><li><a href=\"#\" class=\"cspt-sortable-link\" data-sortby=\"cspt-term-124\">Kaplama<\/a><\/li><li><a href=\"#\" class=\"cspt-sortable-link\" data-sortby=\"cspt-term-125\">Kau\u00e7uk<\/a><\/li><li><a href=\"#\" class=\"cspt-sortable-link\" data-sortby=\"cspt-term-130\">\u00d6zel \u00dcr\u00fcnler<\/a><\/li><li><a href=\"#\" class=\"cspt-sortable-link\" data-sortby=\"cspt-term-126\">Plastik<\/a><\/li>\r\n\t\t<\/ul><\/div><\/div><div class=\"cspt-element-posts-wrapper row multi-columns-row\"><div class=\"cspt-ele cspt-service-ele col-md-4 havuz cspt-term-127\"><article class=\"creativesplanet-ele creativesplanet-ele-service cspt-service-style-2\">\r\n\t<div class=\"creativesplanet-post-item\">\r\n\t\t<div class=\"cspt-featured-wrapper\"><a href=\"http:\/\/www.richemplus.com\/ana\/service\/yosun-onleyiciler\/\"><img loading=\"lazy\" decoding=\"async\" width=\"770\" height=\"500\" src=\"http:\/\/www.richemplus.com\/ana\/wp-content\/uploads\/2026\/01\/yosun-onleyici-770x500.webp\" class=\"attachment-cspt-img-770x500 size-cspt-img-770x500 wp-post-image\" alt=\"\" data-id=\"1538\" \/><\/a><\/div>\t\t<div class=\"creativesplanet-box-content\">\r\n            \t<div class=\"creativesplanet-box-content-inner d-flex align-items-center\">\t\r\n\t\t\t\t<div class=\"cspt-service-wrap\"> \r\n\t\t\t\t\t<div class=\"cspt-service-category\">\t\t<span class=\"cspt-service-cat\"><a href=\"http:\/\/www.richemplus.com\/ana\/service-category\/havuz\/\" rel=\"tag\">Havuz<\/a><\/span>\r\n\t\t<\/div>\r\n\t                \t\t<h3 class=\"cspt-service-title\"><a href=\"http:\/\/www.richemplus.com\/ana\/service\/yosun-onleyiciler\/\" >Yosun \u00d6nleyiciler<\/a><\/h3>\r\n\t                \t<\/div> \r\n\t\t\t\t<div class=\"cspt-service-icon ml-auto\">\r\n\t\t\t\t\t<div class=\"cspt-service-icon-wrapper\">\r\n\t\t\t\t\t\t\t\t\t\t\t<\/div>\r\n\t\t\t\t<\/div>\t\t\t\t      \r\n            \t<\/div>\r\n\t\t<\/div>\r\n\t<\/div>\r\n<\/article><\/div><div class=\"cspt-ele cspt-service-ele col-md-4 havuz cspt-term-127\"><article class=\"creativesplanet-ele creativesplanet-ele-service cspt-service-style-2\">\r\n\t<div class=\"creativesplanet-post-item\">\r\n\t\t<div class=\"cspt-featured-wrapper\"><a href=\"http:\/\/www.richemplus.com\/ana\/service\/sertlik-gidericiler\/\"><img loading=\"lazy\" decoding=\"async\" width=\"770\" height=\"500\" src=\"http:\/\/www.richemplus.com\/ana\/wp-content\/uploads\/2026\/01\/sertlil-gidericiler-770x500.webp\" class=\"attachment-cspt-img-770x500 size-cspt-img-770x500 wp-post-image\" alt=\"\" data-id=\"1533\" \/><\/a><\/div>\t\t<div class=\"creativesplanet-box-content\">\r\n            \t<div class=\"creativesplanet-box-content-inner d-flex align-items-center\">\t\r\n\t\t\t\t<div class=\"cspt-service-wrap\"> \r\n\t\t\t\t\t<div class=\"cspt-service-category\">\t\t<span class=\"cspt-service-cat\"><a href=\"http:\/\/www.richemplus.com\/ana\/service-category\/havuz\/\" rel=\"tag\">Havuz<\/a><\/span>\r\n\t\t<\/div>\r\n\t                \t\t<h3 class=\"cspt-service-title\"><a href=\"http:\/\/www.richemplus.com\/ana\/service\/sertlik-gidericiler\/\" >Sertlik Gidericiler<\/a><\/h3>\r\n\t                \t<\/div> \r\n\t\t\t\t<div class=\"cspt-service-icon ml-auto\">\r\n\t\t\t\t\t<div class=\"cspt-service-icon-wrapper\">\r\n\t\t\t\t\t\t\t\t\t\t\t<\/div>\r\n\t\t\t\t<\/div>\t\t\t\t      \r\n            \t<\/div>\r\n\t\t<\/div>\r\n\t<\/div>\r\n<\/article><\/div><div class=\"cspt-ele cspt-service-ele col-md-4 havuz cspt-term-127\"><article class=\"creativesplanet-ele creativesplanet-ele-service cspt-service-style-2\">\r\n\t<div class=\"creativesplanet-post-item\">\r\n\t\t<div class=\"cspt-featured-wrapper\"><a href=\"http:\/\/www.richemplus.com\/ana\/service\/ph-duzenleyiciler\/\"><img loading=\"lazy\" decoding=\"async\" width=\"770\" height=\"418\" src=\"http:\/\/www.richemplus.com\/ana\/wp-content\/uploads\/2026\/01\/ph-regulators-1-770x418.jpg\" class=\"attachment-cspt-img-770x500 size-cspt-img-770x500 wp-post-image\" alt=\"\" data-id=\"1527\" \/><\/a><\/div>\t\t<div class=\"creativesplanet-box-content\">\r\n            \t<div class=\"creativesplanet-box-content-inner d-flex align-items-center\">\t\r\n\t\t\t\t<div class=\"cspt-service-wrap\"> \r\n\t\t\t\t\t<div class=\"cspt-service-category\">\t\t<span class=\"cspt-service-cat\"><a href=\"http:\/\/www.richemplus.com\/ana\/service-category\/havuz\/\" rel=\"tag\">Havuz<\/a><\/span>\r\n\t\t<\/div>\r\n\t                \t\t<h3 class=\"cspt-service-title\"><a href=\"http:\/\/www.richemplus.com\/ana\/service\/ph-duzenleyiciler\/\" >PH D\u00fczenleyiciler<\/a><\/h3>\r\n\t                \t<\/div> \r\n\t\t\t\t<div class=\"cspt-service-icon ml-auto\">\r\n\t\t\t\t\t<div class=\"cspt-service-icon-wrapper\">\r\n\t\t\t\t\t\t\t\t\t\t\t<\/div>\r\n\t\t\t\t<\/div>\t\t\t\t      \r\n            \t<\/div>\r\n\t\t<\/div>\r\n\t<\/div>\r\n<\/article><\/div><div class=\"cspt-ele cspt-service-ele col-md-4 havuz cspt-term-127\"><article class=\"creativesplanet-ele creativesplanet-ele-service cspt-service-style-2\">\r\n\t<div class=\"creativesplanet-post-item\">\r\n\t\t<div class=\"cspt-featured-wrapper\"><a href=\"http:\/\/www.richemplus.com\/ana\/service\/havuz-suyu-klorlari\/\"><img loading=\"lazy\" decoding=\"async\" width=\"770\" height=\"500\" src=\"http:\/\/www.richemplus.com\/ana\/wp-content\/uploads\/2026\/01\/Pool_chemicals-770x500.webp\" class=\"attachment-cspt-img-770x500 size-cspt-img-770x500 wp-post-image\" alt=\"\" data-id=\"1519\" \/><\/a><\/div>\t\t<div class=\"creativesplanet-box-content\">\r\n            \t<div class=\"creativesplanet-box-content-inner d-flex align-items-center\">\t\r\n\t\t\t\t<div class=\"cspt-service-wrap\"> \r\n\t\t\t\t\t<div class=\"cspt-service-category\">\t\t<span class=\"cspt-service-cat\"><a href=\"http:\/\/www.richemplus.com\/ana\/service-category\/havuz\/\" rel=\"tag\">Havuz<\/a><\/span>\r\n\t\t<\/div>\r\n\t                \t\t<h3 class=\"cspt-service-title\"><a href=\"http:\/\/www.richemplus.com\/ana\/service\/havuz-suyu-klorlari\/\" >Havuz Suyu klorlar\u0131<\/a><\/h3>\r\n\t                \t<\/div> \r\n\t\t\t\t<div class=\"cspt-service-icon ml-auto\">\r\n\t\t\t\t\t<div class=\"cspt-service-icon-wrapper\">\r\n\t\t\t\t\t\t\t\t\t\t\t<\/div>\r\n\t\t\t\t<\/div>\t\t\t\t      \r\n            \t<\/div>\r\n\t\t<\/div>\r\n\t<\/div>\r\n<\/article><\/div><div class=\"cspt-ele cspt-service-ele col-md-4 gida cspt-term-129\"><article class=\"creativesplanet-ele creativesplanet-ele-service cspt-service-style-2\">\r\n\t<div class=\"creativesplanet-post-item\">\r\n\t\t<div class=\"cspt-featured-wrapper\"><a href=\"http:\/\/www.richemplus.com\/ana\/service\/ozel-urunler\/\"><img loading=\"lazy\" decoding=\"async\" width=\"700\" height=\"471\" src=\"http:\/\/www.richemplus.com\/ana\/wp-content\/uploads\/2026\/01\/Cesni-Maddeleri-Gida-Katkilari-Standartlari-1.webp\" class=\"attachment-cspt-img-770x500 size-cspt-img-770x500 wp-post-image\" alt=\"\" srcset=\"http:\/\/www.richemplus.com\/ana\/wp-content\/uploads\/2026\/01\/Cesni-Maddeleri-Gida-Katkilari-Standartlari-1.webp 700w, http:\/\/www.richemplus.com\/ana\/wp-content\/uploads\/2026\/01\/Cesni-Maddeleri-Gida-Katkilari-Standartlari-1-300x202.webp 300w\" sizes=\"auto, (max-width: 700px) 100vw, 700px\" data-id=\"1495\" \/><\/a><\/div>\t\t<div class=\"creativesplanet-box-content\">\r\n            \t<div class=\"creativesplanet-box-content-inner d-flex align-items-center\">\t\r\n\t\t\t\t<div class=\"cspt-service-wrap\"> \r\n\t\t\t\t\t<div class=\"cspt-service-category\">\t\t<span class=\"cspt-service-cat\"><a href=\"http:\/\/www.richemplus.com\/ana\/service-category\/gida\/\" rel=\"tag\">G\u0131da<\/a><\/span>\r\n\t\t<\/div>\r\n\t                \t\t<h3 class=\"cspt-service-title\"><a href=\"http:\/\/www.richemplus.com\/ana\/service\/ozel-urunler\/\" >\u00d6zel \u00dcr\u00fcnler<\/a><\/h3>\r\n\t                \t<\/div> \r\n\t\t\t\t<div class=\"cspt-service-icon ml-auto\">\r\n\t\t\t\t\t<div class=\"cspt-service-icon-wrapper\">\r\n\t\t\t\t\t\t\t\t\t\t\t<\/div>\r\n\t\t\t\t<\/div>\t\t\t\t      \r\n            \t<\/div>\r\n\t\t<\/div>\r\n\t<\/div>\r\n<\/article><\/div><div class=\"cspt-ele cspt-service-ele col-md-4 gida cspt-term-129\"><article class=\"creativesplanet-ele creativesplanet-ele-service cspt-service-style-2\">\r\n\t<div class=\"creativesplanet-post-item\">\r\n\t\t<div class=\"cspt-featured-wrapper\"><a href=\"http:\/\/www.richemplus.com\/ana\/service\/amino-asitler\/\"><img loading=\"lazy\" decoding=\"async\" width=\"770\" height=\"500\" src=\"http:\/\/www.richemplus.com\/ana\/wp-content\/uploads\/2026\/01\/2104418879-770x500.webp\" class=\"attachment-cspt-img-770x500 size-cspt-img-770x500 wp-post-image\" alt=\"\" data-id=\"1482\" \/><\/a><\/div>\t\t<div class=\"creativesplanet-box-content\">\r\n            \t<div class=\"creativesplanet-box-content-inner d-flex align-items-center\">\t\r\n\t\t\t\t<div class=\"cspt-service-wrap\"> \r\n\t\t\t\t\t<div class=\"cspt-service-category\">\t\t<span class=\"cspt-service-cat\"><a href=\"http:\/\/www.richemplus.com\/ana\/service-category\/gida\/\" rel=\"tag\">G\u0131da<\/a><\/span>\r\n\t\t<\/div>\r\n\t                \t\t<h3 class=\"cspt-service-title\"><a href=\"http:\/\/www.richemplus.com\/ana\/service\/amino-asitler\/\" >Amino Asitler<\/a><\/h3>\r\n\t                \t<\/div> \r\n\t\t\t\t<div class=\"cspt-service-icon ml-auto\">\r\n\t\t\t\t\t<div class=\"cspt-service-icon-wrapper\">\r\n\t\t\t\t\t\t\t\t\t\t\t<\/div>\r\n\t\t\t\t<\/div>\t\t\t\t      \r\n            \t<\/div>\r\n\t\t<\/div>\r\n\t<\/div>\r\n<\/article><\/div><div class=\"cspt-ele cspt-service-ele col-md-4 gida cspt-term-129\"><article class=\"creativesplanet-ele creativesplanet-ele-service cspt-service-style-2\">\r\n\t<div class=\"creativesplanet-post-item\">\r\n\t\t<div class=\"cspt-featured-wrapper\"><a href=\"http:\/\/www.richemplus.com\/ana\/service\/nemlendiriciler\/\"><img loading=\"lazy\" decoding=\"async\" width=\"770\" height=\"500\" src=\"http:\/\/www.richemplus.com\/ana\/wp-content\/uploads\/2026\/01\/moisturer-770x500.webp\" class=\"attachment-cspt-img-770x500 size-cspt-img-770x500 wp-post-image\" alt=\"\" data-id=\"1475\" \/><\/a><\/div>\t\t<div class=\"creativesplanet-box-content\">\r\n            \t<div class=\"creativesplanet-box-content-inner d-flex align-items-center\">\t\r\n\t\t\t\t<div class=\"cspt-service-wrap\"> \r\n\t\t\t\t\t<div class=\"cspt-service-category\">\t\t<span class=\"cspt-service-cat\"><a href=\"http:\/\/www.richemplus.com\/ana\/service-category\/gida\/\" rel=\"tag\">G\u0131da<\/a><\/span>\r\n\t\t<\/div>\r\n\t                \t\t<h3 class=\"cspt-service-title\"><a href=\"http:\/\/www.richemplus.com\/ana\/service\/nemlendiriciler\/\" >Vitaminler<\/a><\/h3>\r\n\t                \t<\/div> \r\n\t\t\t\t<div class=\"cspt-service-icon ml-auto\">\r\n\t\t\t\t\t<div class=\"cspt-service-icon-wrapper\">\r\n\t\t\t\t\t\t\t\t\t\t\t<\/div>\r\n\t\t\t\t<\/div>\t\t\t\t      \r\n            \t<\/div>\r\n\t\t<\/div>\r\n\t<\/div>\r\n<\/article><\/div><div class=\"cspt-ele cspt-service-ele col-md-4 gida cspt-term-129\"><article class=\"creativesplanet-ele creativesplanet-ele-service cspt-service-style-2\">\r\n\t<div class=\"creativesplanet-post-item\">\r\n\t\t<div class=\"cspt-featured-wrapper\"><a href=\"http:\/\/www.richemplus.com\/ana\/service\/koruyucular\/\"><img loading=\"lazy\" decoding=\"async\" width=\"770\" height=\"500\" src=\"http:\/\/www.richemplus.com\/ana\/wp-content\/uploads\/2026\/01\/preservatives-770x500.webp\" class=\"attachment-cspt-img-770x500 size-cspt-img-770x500 wp-post-image\" alt=\"\" data-id=\"1470\" \/><\/a><\/div>\t\t<div class=\"creativesplanet-box-content\">\r\n            \t<div class=\"creativesplanet-box-content-inner d-flex align-items-center\">\t\r\n\t\t\t\t<div class=\"cspt-service-wrap\"> \r\n\t\t\t\t\t<div class=\"cspt-service-category\">\t\t<span class=\"cspt-service-cat\"><a href=\"http:\/\/www.richemplus.com\/ana\/service-category\/gida\/\" rel=\"tag\">G\u0131da<\/a><\/span>\r\n\t\t<\/div>\r\n\t                \t\t<h3 class=\"cspt-service-title\"><a href=\"http:\/\/www.richemplus.com\/ana\/service\/koruyucular\/\" >Koruyucular<\/a><\/h3>\r\n\t                \t<\/div> \r\n\t\t\t\t<div class=\"cspt-service-icon ml-auto\">\r\n\t\t\t\t\t<div class=\"cspt-service-icon-wrapper\">\r\n\t\t\t\t\t\t\t\t\t\t\t<\/div>\r\n\t\t\t\t<\/div>\t\t\t\t      \r\n            \t<\/div>\r\n\t\t<\/div>\r\n\t<\/div>\r\n<\/article><\/div><div class=\"cspt-ele cspt-service-ele col-md-4 gida cspt-term-129\"><article class=\"creativesplanet-ele creativesplanet-ele-service cspt-service-style-2\">\r\n\t<div class=\"creativesplanet-post-item\">\r\n\t\t<div class=\"cspt-featured-wrapper\"><a href=\"http:\/\/www.richemplus.com\/ana\/service\/renklendiriciler\/\"><img loading=\"lazy\" decoding=\"async\" width=\"640\" height=\"360\" src=\"http:\/\/www.richemplus.com\/ana\/wp-content\/uploads\/2026\/01\/colorant.jpg\" class=\"attachment-cspt-img-770x500 size-cspt-img-770x500 wp-post-image\" alt=\"\" srcset=\"http:\/\/www.richemplus.com\/ana\/wp-content\/uploads\/2026\/01\/colorant.jpg 640w, http:\/\/www.richemplus.com\/ana\/wp-content\/uploads\/2026\/01\/colorant-300x169.jpg 300w\" sizes=\"auto, (max-width: 640px) 100vw, 640px\" data-id=\"1466\" \/><\/a><\/div>\t\t<div class=\"creativesplanet-box-content\">\r\n            \t<div class=\"creativesplanet-box-content-inner d-flex align-items-center\">\t\r\n\t\t\t\t<div class=\"cspt-service-wrap\"> \r\n\t\t\t\t\t<div class=\"cspt-service-category\">\t\t<span class=\"cspt-service-cat\"><a href=\"http:\/\/www.richemplus.com\/ana\/service-category\/gida\/\" rel=\"tag\">G\u0131da<\/a><\/span>\r\n\t\t<\/div>\r\n\t                \t\t<h3 class=\"cspt-service-title\"><a href=\"http:\/\/www.richemplus.com\/ana\/service\/renklendiriciler\/\" >Renklendiriciler<\/a><\/h3>\r\n\t                \t<\/div> \r\n\t\t\t\t<div class=\"cspt-service-icon ml-auto\">\r\n\t\t\t\t\t<div class=\"cspt-service-icon-wrapper\">\r\n\t\t\t\t\t\t\t\t\t\t\t<\/div>\r\n\t\t\t\t<\/div>\t\t\t\t      \r\n            \t<\/div>\r\n\t\t<\/div>\r\n\t<\/div>\r\n<\/article><\/div><\/div><\/div><!-- .creativesplanet-element-inner -->   <\/div><!-- .creativesplanet-element -->  [\/vc_column][\/vc_row][vc_row cspt-bg-color=&#8221;light&#8221; full_width=&#8221;stretch_row&#8221; el_class=&#8221;cspt-bgimage-repeat-y cspt-bgimg-mobi-hide&#8221; cspt-responsive-css=&#8221;49093547|colbreak_no|||||80px|30px|50px|30px|colbreak_yes|||||||||colbreak_no||||||||||colbreak_no|||||||||&#8221;][vc_column width=&#8221;1\/2&#8243; css=&#8221;.vc_custom_1645589552712{padding-right: 60px !important;}&#8221; cspt-responsive-css=&#8221;23164092|colbreak_no||||||||0|colbreak_no|||||||||colbreak_no||||||15||||colbreak_no|||||||||&#8221;][vc_column_text css=&#8221;.vc_custom_1767342469799{margin-bottom: 45px !important;}&#8221;]Sundu\u011fumuz \u00e7\u00f6z\u00fcmlerde m\u00fc\u015fteri istekleri ile birlikte \u00e7evre ve do\u011fam\u0131z\u0131 da d\u00fc\u015f\u00fcn\u00fcp, uzun soluklu birliktelik hedeflemekteyiz.[\/vc_column_text][vc_row_inner][vc_column_inner width=&#8221;1\/2&#8243;]<div  class=\"creativesplanet-ele creativesplanet-ele-fid creativesplanet-ele-fid-style-8 \"><div class=\"cspt-fld-contents\">\r\n\t<div class=\"cspt-sbox-icon-wrapper\"><i class=\"fa fa-solid fa-arrows-to-dot\"><\/i><\/div>\t<h4 class=\"cspt-fid-inner\">\r\n\t\t\t\t<span\r\n\t\t\tclass\t\t\t\t  = \"cspt-number-rotate\"\r\n\t\t\tdata-appear-animation = \"animateDigits\"\r\n\t\t\tdata-from             = \"0\"\r\n\t\t\tdata-to               = \"25\"\r\n\t\t\tdata-interval         = \"5\"\r\n\t\t\tdata-before           = \"\"\r\n\t\t\tdata-before-style     = \"\"\r\n\t\t\tdata-after            = \"\"\r\n\t\t\tdata-after-style      = \"\"\r\n\t\t\t>\r\n\t\t\t\t25\t\t<\/span>\r\n\t\t<span class=\"cspt-fid-sub\"><sub>+<\/sub><\/span>\r\n\t<\/h4>\r\n\t<h3 class=\"cspt-fid-title\"><span>Tecr\u00fcbe<br><\/span><\/h3>\r\n<\/div><!-- .cspt-fld-contents -->\r\n\r\n<\/div>[vc_column_text css=&#8221;.vc_custom_1767345536981{margin-top: 20px !important;border-top-width: 1px !important;padding-top: 15px !important;border-top-style: solid !important;border-color: #cdcdcd !important;}&#8221;]25 y\u0131ll\u0131k tecr\u00fcbemizle fark yarat\u0131yoruz.[\/vc_column_text][\/vc_column_inner][vc_column_inner width=&#8221;1\/2&#8243;]<div  class=\"creativesplanet-ele creativesplanet-ele-fid creativesplanet-ele-fid-style-10 \"><div class=\"cspt-fld-contents\">\r\n\t<div class=\"cspt-sbox-icon-wrapper\"><i class=\"fa fa-brands fa-accessible-icon\"><\/i><\/div>\t<h4 class=\"cspt-fid-inner\">\r\n\t\t\t\t<span\r\n\t\t\tclass\t\t\t\t  = \"cspt-number-rotate\"\r\n\t\t\tdata-appear-animation = \"animateDigits\"\r\n\t\t\tdata-from             = \"0\"\r\n\t\t\tdata-to               = \"200\"\r\n\t\t\tdata-interval         = \"5\"\r\n\t\t\tdata-before           = \"\"\r\n\t\t\tdata-before-style     = \"\"\r\n\t\t\tdata-after            = \"\"\r\n\t\t\tdata-after-style      = \"\"\r\n\t\t\t>\r\n\t\t\t\t200\t\t<\/span>\r\n\t\t\t\t\t<span class=\"cspt-fid-sub\"><sub>+<\/sub><\/span>\r\n\t\t\t<\/h4>\r\n\t\t<h3 class=\"cspt-fid-title\"><span>Ba\u015far\u0131l\u0131 Projeler<br><\/span><\/h3>\r\n\t<\/div><!-- .cspt-fld-contents -->\r\n\r\n<\/div>[vc_column_text css=&#8221;.vc_custom_1767345575547{margin-top: 20px !important;border-top-width: 1px !important;padding-top: 15px !important;border-top-style: solid !important;border-color: #cdcdcd !important;}&#8221;]Tecr\u00fcbemiz end\u00fcstriyel projelerle daha da geni\u015fliyor.[\/vc_column_text][\/vc_column_inner][\/vc_row_inner][\/vc_column][vc_column width=&#8221;1\/2&#8243; css=&#8221;.vc_custom_1645595856802{margin-top: 50px !important;}&#8221; cspt-responsive-css=&#8221;59393403|colbreak_no||||||0|||colbreak_no|90px|||||||0|colbreak_no||||||||||colbreak_no|||||||||&#8221;][vc_single_image image=&#8221;1118&#8243; img_size=&#8221;510 x 610&#8243; alignment=&#8221;right&#8221; css=&#8221;.vc_custom_1767345496306{margin-top: -60px !important;}&#8221; el_class=&#8221;cspt-effect-img-2&#8243;][\/vc_column][\/vc_row][vc_row cspt-text-color=&#8221;white&#8221; cspt-bg-color=&#8221;globalcolor&#8221; full_width=&#8221;stretch_row&#8221; css=&#8221;.vc_custom_1645596264584{padding-top: 50px !important;padding-bottom: 30px !important;}&#8221; cspt-responsive-css=&#8221;91296602|colbreak_no||||||30px||30px|colbreak_no|||||||||colbreak_no|||||50px||50px|||colbreak_no|||||||||&#8221;][vc_column width=&#8221;2\/3&#8243; cspt-responsive-css=&#8221;68309196|colbreak_no||||||||0|colbreak_no|||||||||colbreak_no||||||||||colbreak_no|||||||||&#8221;][vc_custom_heading text=&#8221;Kimyasal veya End\u00fcstriyel \u00c7\u00f6z\u00fcme mi ihtiyac\u0131n\u0131z var ?&#8221; font_container=&#8221;tag:h2|font_size:32px|text_align:left|line_height:40px&#8221; use_theme_fonts=&#8221;yes&#8221; css=&#8221;.vc_custom_1772008434742{margin-bottom: 8px !important;}&#8221;][vc_column_text css=&#8221;&#8221;]\u0130\u015fbirli\u011fine ve ayn\u0131 hedefler do\u011frultusunda y\u00fcr\u00fcmeye haz\u0131r\u0131z.[\/vc_column_text][\/vc_column][vc_column width=&#8221;1\/3&#8243; cspt-responsive-css=&#8221;98392254|colbreak_no||||||0|||colbreak_no|||||||||colbreak_no||||||||0||colbreak_no|||||||||&#8221;][vc_btn title=&#8221;Hemen \u0130leti\u015fime Ge\u00e7in&#8221; style=&#8221;outline&#8221; color=&#8221;white&#8221; align=&#8221;right&#8221; css=&#8221;.vc_custom_1772273690620{margin-top: 10px !important;margin-bottom: 0px !important;}&#8221; el_class=&#8221;cspt-align-left-767&#8243; link=&#8221;url:http%3A%2F%2Fwww.richemplus.com%2Fana%2Filetisim_son%2F|title:ileti%C5%9Fim_son&#8221;][\/vc_column][\/vc_row][vc_row cspt-bg-color=&#8221;light&#8221; full_width=&#8221;stretch_row&#8221; css=&#8221;.vc_custom_1646369802775{padding-top: 100px !important;padding-bottom: 70px !important;}&#8221; cspt-responsive-css=&#8221;23711942|colbreak_no|||||80px|30px|30px|30px|colbreak_no|||||80px||20px||colbreak_no|||||60px||20px|||colbreak_no|||||||||&#8221;][vc_column cspt-responsive-css=&#8221;48425935|colbreak_no||||||0||0|colbreak_no|||||||||colbreak_no||||||||||colbreak_no|||||||||&#8221;]<div  class=\"creativesplanet-element creativesplanet-element-blog cspt-element-blog-style-4 creativesplanet-element-viewtype-row-column cspt-sortable-no\" data-show=\"3\" data-columns=\"3\" data-loop=\"false\" data-autoplay=\"false\" data-center=\"false\" data-nav=\"false\" data-dots=\"false\" data-autoplayspeed=\"1000\" data-margin=\"\"><div class=\"creativesplanet-element-inner\"><div class=\"cspt-ele-header-area\"><\/div><div class=\"cspt-element-posts-wrapper row multi-columns-row\"><div class=\"cspt-ele cspt-blog-ele col-md-4 uncategorized cspt-term-1\"><article class=\"creativesplanet-ele creativesplanet-ele-blog cspt-blogbox-style-4 post-1639 post type-post status-publish format-standard has-post-thumbnail hentry category-uncategorized\">\r\n\t<div class=\"post-item\">\r\n\t\t<div class=\"cspt-featured-container\">\t\t\t\t\r\n\t\t\t<div class=\"cspt-featured-wrapper\"><a href=\"http:\/\/www.richemplus.com\/ana\/2026\/02\/25\/1639\/\"><img loading=\"lazy\" decoding=\"async\" width=\"667\" height=\"731\" src=\"http:\/\/www.richemplus.com\/ana\/wp-content\/uploads\/2026\/02\/Yeni-web-sitesi.webp\" class=\"attachment-cspt-img-770x770 size-cspt-img-770x770 wp-post-image\" alt=\"\" srcset=\"http:\/\/www.richemplus.com\/ana\/wp-content\/uploads\/2026\/02\/Yeni-web-sitesi.webp 667w, http:\/\/www.richemplus.com\/ana\/wp-content\/uploads\/2026\/02\/Yeni-web-sitesi-274x300.webp 274w\" sizes=\"auto, (max-width: 667px) 100vw, 667px\" data-id=\"1640\" \/><\/a><\/div>\t\r\n\t\t<\/div>\r\n\t\t<div class=\"creativesplanet-box-content\">\t\r\n\t\t\t<div class=\"cspt-meta-container\">\t\t\t\r\n\t\t\t\t\t<span class=\"cspt-meta cspt-meta-date\"><a href=\"http:\/\/www.richemplus.com\/ana\/2026\/02\/25\/1639\/\" rel=\"bookmark\"><time class=\"entry-date published\">25 Feb, 2026<\/time><time class=\"updated cspt-hide\">25 Feb, 2026<\/time><\/a><\/span>\r\n\t\t\t\t\r\n\t\t\t<\/div>\r\n\t\t\t<h3 class=\"cspt-post-title\"><a href=\"http:\/\/www.richemplus.com\/ana\/2026\/02\/25\/1639\/\"><\/a><\/h3>\r\n\t\t\t<div class=\"cspt-read-more-link\"><a href=\"http:\/\/www.richemplus.com\/ana\/2026\/02\/25\/1639\/\">Read More<\/a><\/div>\r\n\t\t<\/div>\r\n\t<\/div>\r\n<\/article>\r\n\r\n<\/div><\/div><\/div><!-- .creativesplanet-element-inner -->   <\/div><!-- .creativesplanet-element -->  [\/vc_column][\/vc_row]<\/p>\n<\/div>","protected":false},"excerpt":{"rendered":"<p>[vc_row cspt-bg-color=&#8221;white&#8221; full_width=&#8221;stretch_row&#8221; cspt-responsive-css=&#8221;71683791|colbreak_no|||||80px|30px|80px|30px|colbreak_no|||||||||colbreak_no|||||||30|||colbreak_no|||||||||&#8221;][vc_column cspt-responsive-css=&#8221;61298588|colbreak_no|||||||||colbreak_no|||||||||colbreak_no||||||||||colbreak_no|||||||||&#8221; css=&#8221;.vc_custom_1645589456687{padding-right: 0px !important;padding-left: 0px !important;}&#8221;][\/vc_column][\/vc_row][vc_row cspt-bg-color=&#8221;light&#8221; full_width=&#8221;stretch_row&#8221; el_class=&#8221;cspt-bgimage-repeat-y cspt-bgimg-mobi-hide&#8221; cspt-responsive-css=&#8221;49093547|colbreak_no|||||80px|30px|50px|30px|colbreak_yes|||||||||colbreak_no||||||||||colbreak_no|||||||||&#8221;][vc_column width=&#8221;1\/2&#8243; css=&#8221;.vc_custom_1645589552712{padding-right: 60px !important;}&#8221; cspt-responsive-css=&#8221;23164092|colbreak_no||||||||0|colbreak_no|||||||||colbreak_no||||||15||||colbreak_no|||||||||&#8221;][vc_column_text css=&#8221;.vc_custom_1767342469799{margin-bottom: 45px !important;}&#8221;]Sundu\u011fumuz \u00e7\u00f6z\u00fcmlerde m\u00fc\u015fteri istekleri ile birlikte \u00e7evre ve do\u011fam\u0131z\u0131 da d\u00fc\u015f\u00fcn\u00fcp, uzun soluklu birliktelik hedeflemekteyiz.[\/vc_column_text][vc_row_inner][vc_column_inner width=&#8221;1\/2&#8243;][vc_column_text css=&#8221;.vc_custom_1767345536981{margin-top: 20px !important;border-top-width: 1px !important;padding-top: 15px !important;border-top-style: solid !important;border-color: #cdcdcd !important;}&#8221;]25 y\u0131ll\u0131k tecr\u00fcbemizle fark yarat\u0131yoruz.[\/vc_column_text][\/vc_column_inner][vc_column_inner width=&#8221;1\/2&#8243;][vc_column_text css=&#8221;.vc_custom_1767345575547{margin-top: 20px !important;border-top-width: 1px !important;padding-top: 15px !important;border-top-style: solid !important;border-color: #cdcdcd !important;}&#8221;]Tecr\u00fcbemiz end\u00fcstriyel projelerle daha da geni\u015fliyor.[\/vc_column_text][\/vc_column_inner][\/vc_row_inner][\/vc_column][vc_column[&hellip;]<\/p>\n","protected":false},"author":1,"featured_media":0,"parent":0,"menu_order":0,"comment_status":"closed","ping_status":"closed","template":"","meta":{"_acf_changed":false,"nf_dc_page":"","footnotes":""},"class_list":["post-1146","page","type-page","status-publish","hentry"],"acf":[],"_links":{"self":[{"href":"http:\/\/www.richemplus.com\/ana\/wp-json\/wp\/v2\/pages\/1146","targetHints":{"allow":["GET"]}}],"collection":[{"href":"http:\/\/www.richemplus.com\/ana\/wp-json\/wp\/v2\/pages"}],"about":[{"href":"http:\/\/www.richemplus.com\/ana\/wp-json\/wp\/v2\/types\/page"}],"author":[{"embeddable":true,"href":"http:\/\/www.richemplus.com\/ana\/wp-json\/wp\/v2\/users\/1"}],"replies":[{"embeddable":true,"href":"http:\/\/www.richemplus.com\/ana\/wp-json\/wp\/v2\/comments?post=1146"}],"version-history":[{"count":6,"href":"http:\/\/www.richemplus.com\/ana\/wp-json\/wp\/v2\/pages\/1146\/revisions"}],"predecessor-version":[{"id":1655,"href":"http:\/\/www.richemplus.com\/ana\/wp-json\/wp\/v2\/pages\/1146\/revisions\/1655"}],"wp:attachment":[{"href":"http:\/\/www.richemplus.com\/ana\/wp-json\/wp\/v2\/media?parent=1146"}],"curies":[{"name":"wp","href":"https:\/\/api.w.org\/{rel}","templated":true}]}}