{"id":100,"date":"2014-10-04T10:44:13","date_gmt":"2014-10-04T10:44:13","guid":{"rendered":"http:\/\/localhost\/nortchemical\/?page_id=100"},"modified":"2026-03-01T10:05:33","modified_gmt":"2026-03-01T10:05:33","slug":"hakkimizda","status":"publish","type":"page","link":"http:\/\/www.richemplus.com\/ana\/hakkimizda\/","title":{"rendered":"HAKKIMIZDA"},"content":{"rendered":"<div class=\"wpb-content-wrapper\"><p>[vc_row cspt-bg-color=&#8221;white&#8221; full_width=&#8221;stretch_row&#8221; cspt-responsive-css=&#8221;19833902|colbreak_no|||||||||colbreak_yes|||||||||colbreak_no|||||||50|||colbreak_no|||||||||&#8221;][vc_column width=&#8221;1\/2&#8243; css=&#8221;.vc_custom_1772359388014{padding-right: 90px !important;}&#8221;][vc_column_text css=&#8221;&#8221;]Richemplus bir\u00e7ok end\u00fcstriyel alanda metal, plastik ve di\u011fer maddelere yeni de\u011ferler ekleyerek \u00e7e\u015fitli yarat\u0131c\u0131 \u00e7\u00f6z\u00fcmler \u00fcretmek i\u00e7in kurulmu\u015ftur.<\/p>\n<p>M\u00fc\u015fteri memnuniyet odakl\u0131 Richemplus y\u00fcksek kalitesiyle bir\u00e7ok end\u00fcstriye hizmet vermektedir. Firmam\u0131z\u0131n dinamik yap\u0131s\u0131n\u0131n yan\u0131nda, devaml\u0131 ara\u015ft\u0131rma ve geli\u015ftirme \u00e7al\u0131\u015fmalar\u0131 teknolojik geli\u015fmeleri ve uygulamalar\u0131 yak\u0131ndan takip etmemize olanak sa\u011flamaktad\u0131r.<\/p>\n<p style=\"text-align: center;\">\u00d6nceli\u011fimiz m\u00fc\u015fterilerimize devamlI daha iyi \u00e7\u00f6z\u00fcmler \u00fcretmektir.<\/p>\n<p>[\/vc_column_text]<div  class=\"creativesplanet-ul-list cspt-ul-type-icon\"><ul><li><i class=\"cspt-globalcolor entypo-icon entypo-icon-check\"><\/i> M\u00fc\u015fteri Odakl\u0131 Yakla\u015f\u0131m<\/li><li><i class=\"cspt-globalcolor entypo-icon entypo-icon-check\"><\/i> Uluslaras\u0131 \u0130\u015f Birlikleri<\/li><li><i class=\"cspt-globalcolor entypo-icon entypo-icon-check\"><\/i> \u00c7ok Y\u00f6nl\u00fc \u00c7\u00f6z\u00fcmler<\/li><li><i class=\"cspt-globalcolor entypo-icon entypo-icon-check\"><\/i> Uygulama<\/li><li><i class=\"cspt-globalcolor entypo-icon entypo-icon-check\"><\/i> Performans ve Denetim<\/li><\/ul><\/div>[vc_btn title=&#8221;\u0130leti\u015fim&#8221; style=&#8221;outline&#8221; color=&#8221;grey&#8221; css=&#8221;.vc_custom_1772359136246{margin-top: 30px !important;margin-bottom: 0px !important;}&#8221; link=&#8221;url:http%3A%2F%2Fwww.richemplus.com%2Fana%2Filetisim_son%2F|title:iletisim_son&#8221;][\/vc_column][vc_column width=&#8221;1\/2&#8243; css=&#8221;.vc_custom_1549952159126{padding-left: 54px !important;}&#8221; cspt-responsive-css=&#8221;92825199|colbreak_no|||||||||colbreak_no|60|||||||0|colbreak_no||||||||||colbreak_no|||||||||&#8221;][vc_single_image image=&#8221;1107&#8243; img_size=&#8221;584&#215;590&#8243; css=&#8221;.vc_custom_1767380992285{margin-bottom: 0px !important;}&#8221; el_class=&#8221;cspt-effect-img-2&#8243;]<div  class=\"creativesplanet-ele creativesplanet-ele-fid creativesplanet-ele-fid-style-2 \"><div class=\"cspt-fld-contents\">\r\n\t<div class=\"cspt-sbox-icon-wrapper\"><i class=\"cspt-greenly-icon cspt-greenly-icon-windmill\"><\/i><\/div>\t<h4 class=\"cspt-fid-inner\">\r\n\t\t\t\t<span\r\n\t\t\tclass\t\t\t\t  = \"cspt-number-rotate\"\r\n\t\t\tdata-appear-animation = \"animateDigits\"\r\n\t\t\tdata-from             = \"0\"\r\n\t\t\tdata-to               = \"25\"\r\n\t\t\tdata-interval         = \"5\"\r\n\t\t\tdata-before           = \"\"\r\n\t\t\tdata-before-style     = \"\"\r\n\t\t\tdata-after            = \"\"\r\n\t\t\tdata-after-style      = \"\"\r\n\t\t\t>\r\n\t\t\t\t25\t\t<\/span>\r\n\t\t<span class=\"cspt-fid-sub\"><sub>Years<\/sub><\/span>\r\n\t<\/h4>\r\n\t<h3 class=\"cspt-fid-title\"><span>Y\u0131ll\u0131k Tecr\u00fcbe<br><\/span><\/h3>\r\n<\/div><!-- .cspt-fld-contents -->\r\n\r\n<\/div>[\/vc_column][\/vc_row]<\/p>\n<\/div>","protected":false},"excerpt":{"rendered":"<p>[vc_row cspt-bg-color=&#8221;white&#8221; full_width=&#8221;stretch_row&#8221; cspt-responsive-css=&#8221;19833902|colbreak_no|||||||||colbreak_yes|||||||||colbreak_no|||||||50|||colbreak_no|||||||||&#8221;][vc_column width=&#8221;1\/2&#8243; css=&#8221;.vc_custom_1772359388014{padding-right: 90px !important;}&#8221;][vc_column_text css=&#8221;&#8221;]Richemplus bir\u00e7ok end\u00fcstriyel alanda metal, plastik ve di\u011fer maddelere yeni de\u011ferler ekleyerek \u00e7e\u015fitli yarat\u0131c\u0131 \u00e7\u00f6z\u00fcmler \u00fcretmek i\u00e7in kurulmu\u015ftur. M\u00fc\u015fteri memnuniyet odakl\u0131 Richemplus y\u00fcksek kalitesiyle bir\u00e7ok end\u00fcstriye hizmet vermektedir. Firmam\u0131z\u0131n dinamik yap\u0131s\u0131n\u0131n yan\u0131nda, devaml\u0131 ara\u015ft\u0131rma ve geli\u015ftirme \u00e7al\u0131\u015fmalar\u0131 teknolojik geli\u015fmeleri ve uygulamalar\u0131 yak\u0131ndan takip etmemize olanak sa\u011flamaktad\u0131r. \u00d6nceli\u011fimiz m\u00fc\u015fterilerimize devamlI daha iyi \u00e7\u00f6z\u00fcmler \u00fcretmektir. [\/vc_column_text][vc_btn title=&#8221;\u0130leti\u015fim&#8221; style=&#8221;outline&#8221; color=&#8221;grey&#8221; css=&#8221;.vc_custom_1772359136246{margin-top: 30px !important;margin-bottom: 0px !important;}&#8221;[&hellip;]<\/p>\n","protected":false},"author":1,"featured_media":0,"parent":0,"menu_order":0,"comment_status":"closed","ping_status":"closed","template":"","meta":{"_acf_changed":false,"nf_dc_page":"","footnotes":""},"class_list":["post-100","page","type-page","status-publish","hentry"],"acf":[],"_links":{"self":[{"href":"http:\/\/www.richemplus.com\/ana\/wp-json\/wp\/v2\/pages\/100","targetHints":{"allow":["GET"]}}],"collection":[{"href":"http:\/\/www.richemplus.com\/ana\/wp-json\/wp\/v2\/pages"}],"about":[{"href":"http:\/\/www.richemplus.com\/ana\/wp-json\/wp\/v2\/types\/page"}],"author":[{"embeddable":true,"href":"http:\/\/www.richemplus.com\/ana\/wp-json\/wp\/v2\/users\/1"}],"replies":[{"embeddable":true,"href":"http:\/\/www.richemplus.com\/ana\/wp-json\/wp\/v2\/comments?post=100"}],"version-history":[{"count":6,"href":"http:\/\/www.richemplus.com\/ana\/wp-json\/wp\/v2\/pages\/100\/revisions"}],"predecessor-version":[{"id":1663,"href":"http:\/\/www.richemplus.com\/ana\/wp-json\/wp\/v2\/pages\/100\/revisions\/1663"}],"wp:attachment":[{"href":"http:\/\/www.richemplus.com\/ana\/wp-json\/wp\/v2\/media?parent=100"}],"curies":[{"name":"wp","href":"https:\/\/api.w.org\/{rel}","templated":true}]}}